{"id":3080,"date":"2022-07-21T11:39:25","date_gmt":"2022-07-21T08:39:25","guid":{"rendered":"https:\/\/bizios.gr\/our-heritage\/"},"modified":"2023-01-16T10:31:43","modified_gmt":"2023-01-16T08:31:43","slug":"unsere-erbschaft","status":"publish","type":"page","link":"https:\/\/bizios.gr\/de\/ueber-uns\/unsere-erbschaft\/","title":{"rendered":"UNSERE ERBSCHAFT"},"content":{"rendered":"<div class=\"wpb-content-wrapper\"><p>[vc_row][vc_column width=&#8220;1\/2&#8243;][vc_column_text]<\/p>\n<h2 class=\"main-title secondary-title\" style=\"margin-bottom: 20px;\">Unsere Erbschaft<\/h2>\n<p><strong>\u00a0<\/strong><\/p>\n<p>Die milchverarbeitende Industrie BIZIOS S.A. ist eine der \u00e4ltesten und erfolgreichsten K\u00e4seproduktionsbetriebe in Griechenland.<\/p>\n<p>&nbsp;<\/p>\n<p>Seit der Gr\u00fcndung des ersten Familienbetriebs zur K\u00e4seherstellung in Samarina durch Nikolaos Bizios im Jahr 1927, hat sich vier Generationen und unz\u00e4hlige andere \u00dcbernahmen sp\u00e4ter viel ver\u00e4ndert. Unser Erfolgsrezept bleibt unver\u00e4ndert: Respekt der Geschichte der traditionellen K\u00e4seherstellung, erg\u00e4nzt durch wesentliche Zutaten wie technologische Exzellenz, wissenschaftliche Herangehensweise und einen uners\u00e4ttlichen Appetit auf Innovation.[\/vc_column_text][\/vc_column][vc_column width=&#8220;1\/2&#8243;][vc_single_image image=&#8220;2980&#8243; img_size=&#8220;full&#8220; alignment=&#8220;right&#8220;][\/vc_column][\/vc_row]<\/p>\n<\/div>","protected":false},"excerpt":{"rendered":"<p>[vc_row][vc_column width=&#8220;1\/2&#8243;][vc_column_text] Unsere Erbschaft \u00a0 Die milchverarbeitende Industrie BIZIOS S.A. ist eine der \u00e4ltesten und erfolgreichsten K\u00e4seproduktionsbetriebe in Griechenland. &nbsp; Seit der Gr\u00fcndung des ersten Familienbetriebs zur K\u00e4seherstellung in Samarina durch Nikolaos Bizios im Jahr 1927, hat sich vier Generationen und unz\u00e4hlige andere \u00dcbernahmen sp\u00e4ter viel ver\u00e4ndert. Unser Erfolgsrezept bleibt unver\u00e4ndert: Respekt der Geschichte der [&hellip;]<\/p>\n","protected":false},"author":11,"featured_media":0,"parent":3083,"menu_order":19,"comment_status":"closed","ping_status":"closed","template":"template-page-with-children-menu.php","meta":{"_acf_changed":false,"inline_featured_image":false,"footnotes":""},"class_list":["post-3080","page","type-page","status-publish","hentry"],"acf":[],"yoast_head":"<!-- This site is optimized with the Yoast SEO plugin v27.4 - https:\/\/yoast.com\/product\/yoast-seo-wordpress\/ -->\n<title>UNSERE ERBSCHAFT - Bizios<\/title>\n<meta name=\"description\" content=\"Bizios SA it is one of the largest and most successful cheese production units in Greece\" \/>\n<meta name=\"robots\" content=\"index, follow, max-snippet:-1, max-image-preview:large, max-video-preview:-1\" \/>\n<link rel=\"canonical\" href=\"https:\/\/bizios.gr\/de\/ueber-uns\/unsere-erbschaft\/\" \/>\n<meta property=\"og:locale\" content=\"de_DE\" \/>\n<meta property=\"og:type\" content=\"article\" \/>\n<meta property=\"og:title\" content=\"UNSERE ERBSCHAFT - Bizios\" \/>\n<meta property=\"og:description\" content=\"Bizios SA it is one of the largest and most successful cheese production units in Greece\" \/>\n<meta property=\"og:url\" content=\"https:\/\/bizios.gr\/de\/ueber-uns\/unsere-erbschaft\/\" \/>\n<meta property=\"og:site_name\" content=\"Bizios\" \/>\n<meta property=\"article:publisher\" content=\"https:\/\/www.facebook.com\/Biziosdairy\/\" \/>\n<meta property=\"article:modified_time\" content=\"2023-01-16T08:31:43+00:00\" \/>\n<meta name=\"twitter:card\" content=\"summary_large_image\" \/>\n<meta name=\"twitter:label1\" content=\"Gesch\u00e4tzte Lesezeit\" \/>\n\t<meta name=\"twitter:data1\" content=\"1\u00a0Minute\" \/>\n<script type=\"application\/ld+json\" class=\"yoast-schema-graph\">{\"@context\":\"https:\\\/\\\/schema.org\",\"@graph\":[{\"@type\":\"WebPage\",\"@id\":\"https:\\\/\\\/bizios.gr\\\/de\\\/ueber-uns\\\/unsere-erbschaft\\\/\",\"url\":\"https:\\\/\\\/bizios.gr\\\/de\\\/ueber-uns\\\/unsere-erbschaft\\\/\",\"name\":\"UNSERE ERBSCHAFT - Bizios\",\"isPartOf\":{\"@id\":\"https:\\\/\\\/bizios.gr\\\/#website\"},\"datePublished\":\"2022-07-21T08:39:25+00:00\",\"dateModified\":\"2023-01-16T08:31:43+00:00\",\"description\":\"Bizios SA it is one of the largest and most successful cheese production units in Greece\",\"breadcrumb\":{\"@id\":\"https:\\\/\\\/bizios.gr\\\/de\\\/ueber-uns\\\/unsere-erbschaft\\\/#breadcrumb\"},\"inLanguage\":\"de\",\"potentialAction\":[{\"@type\":\"ReadAction\",\"target\":[\"https:\\\/\\\/bizios.gr\\\/de\\\/ueber-uns\\\/unsere-erbschaft\\\/\"]}]},{\"@type\":\"BreadcrumbList\",\"@id\":\"https:\\\/\\\/bizios.gr\\\/de\\\/ueber-uns\\\/unsere-erbschaft\\\/#breadcrumb\",\"itemListElement\":[{\"@type\":\"ListItem\",\"position\":1,\"name\":\"\u0391\u03c1\u03c7\u03b9\u03ba\u03ae\",\"item\":\"https:\\\/\\\/bizios.gr\\\/de\\\/\"},{\"@type\":\"ListItem\",\"position\":2,\"name\":\"\u00dcBER UNS\",\"item\":\"https:\\\/\\\/bizios.gr\\\/de\\\/ueber-uns\\\/\"},{\"@type\":\"ListItem\",\"position\":3,\"name\":\"UNSERE ERBSCHAFT\"}]},{\"@type\":\"WebSite\",\"@id\":\"https:\\\/\\\/bizios.gr\\\/#website\",\"url\":\"https:\\\/\\\/bizios.gr\\\/\",\"name\":\"Bizios\",\"description\":\"\",\"publisher\":{\"@id\":\"https:\\\/\\\/bizios.gr\\\/#organization\"},\"potentialAction\":[{\"@type\":\"SearchAction\",\"target\":{\"@type\":\"EntryPoint\",\"urlTemplate\":\"https:\\\/\\\/bizios.gr\\\/?s={search_term_string}\"},\"query-input\":{\"@type\":\"PropertyValueSpecification\",\"valueRequired\":true,\"valueName\":\"search_term_string\"}}],\"inLanguage\":\"de\"},{\"@type\":\"Organization\",\"@id\":\"https:\\\/\\\/bizios.gr\\\/#organization\",\"name\":\"Bizios\",\"url\":\"https:\\\/\\\/bizios.gr\\\/\",\"logo\":{\"@type\":\"ImageObject\",\"inLanguage\":\"de\",\"@id\":\"https:\\\/\\\/bizios.gr\\\/#\\\/schema\\\/logo\\\/image\\\/\",\"url\":\"https:\\\/\\\/bizios.gr\\\/wp-content\\\/uploads\\\/2022\\\/11\\\/Capturebizios.png\",\"contentUrl\":\"https:\\\/\\\/bizios.gr\\\/wp-content\\\/uploads\\\/2022\\\/11\\\/Capturebizios.png\",\"width\":269,\"height\":141,\"caption\":\"Bizios\"},\"image\":{\"@id\":\"https:\\\/\\\/bizios.gr\\\/#\\\/schema\\\/logo\\\/image\\\/\"},\"sameAs\":[\"https:\\\/\\\/www.facebook.com\\\/Biziosdairy\\\/\",\"https:\\\/\\\/www.instagram.com\\\/biziosdairy\\\/\"]}]}<\/script>\n<!-- \/ Yoast SEO plugin. -->","yoast_head_json":{"title":"UNSERE ERBSCHAFT - Bizios","description":"Bizios SA it is one of the largest and most successful cheese production units in Greece","robots":{"index":"index","follow":"follow","max-snippet":"max-snippet:-1","max-image-preview":"max-image-preview:large","max-video-preview":"max-video-preview:-1"},"canonical":"https:\/\/bizios.gr\/de\/ueber-uns\/unsere-erbschaft\/","og_locale":"de_DE","og_type":"article","og_title":"UNSERE ERBSCHAFT - Bizios","og_description":"Bizios SA it is one of the largest and most successful cheese production units in Greece","og_url":"https:\/\/bizios.gr\/de\/ueber-uns\/unsere-erbschaft\/","og_site_name":"Bizios","article_publisher":"https:\/\/www.facebook.com\/Biziosdairy\/","article_modified_time":"2023-01-16T08:31:43+00:00","twitter_card":"summary_large_image","twitter_misc":{"Gesch\u00e4tzte Lesezeit":"1\u00a0Minute"},"schema":{"@context":"https:\/\/schema.org","@graph":[{"@type":"WebPage","@id":"https:\/\/bizios.gr\/de\/ueber-uns\/unsere-erbschaft\/","url":"https:\/\/bizios.gr\/de\/ueber-uns\/unsere-erbschaft\/","name":"UNSERE ERBSCHAFT - Bizios","isPartOf":{"@id":"https:\/\/bizios.gr\/#website"},"datePublished":"2022-07-21T08:39:25+00:00","dateModified":"2023-01-16T08:31:43+00:00","description":"Bizios SA it is one of the largest and most successful cheese production units in Greece","breadcrumb":{"@id":"https:\/\/bizios.gr\/de\/ueber-uns\/unsere-erbschaft\/#breadcrumb"},"inLanguage":"de","potentialAction":[{"@type":"ReadAction","target":["https:\/\/bizios.gr\/de\/ueber-uns\/unsere-erbschaft\/"]}]},{"@type":"BreadcrumbList","@id":"https:\/\/bizios.gr\/de\/ueber-uns\/unsere-erbschaft\/#breadcrumb","itemListElement":[{"@type":"ListItem","position":1,"name":"\u0391\u03c1\u03c7\u03b9\u03ba\u03ae","item":"https:\/\/bizios.gr\/de\/"},{"@type":"ListItem","position":2,"name":"\u00dcBER UNS","item":"https:\/\/bizios.gr\/de\/ueber-uns\/"},{"@type":"ListItem","position":3,"name":"UNSERE ERBSCHAFT"}]},{"@type":"WebSite","@id":"https:\/\/bizios.gr\/#website","url":"https:\/\/bizios.gr\/","name":"Bizios","description":"","publisher":{"@id":"https:\/\/bizios.gr\/#organization"},"potentialAction":[{"@type":"SearchAction","target":{"@type":"EntryPoint","urlTemplate":"https:\/\/bizios.gr\/?s={search_term_string}"},"query-input":{"@type":"PropertyValueSpecification","valueRequired":true,"valueName":"search_term_string"}}],"inLanguage":"de"},{"@type":"Organization","@id":"https:\/\/bizios.gr\/#organization","name":"Bizios","url":"https:\/\/bizios.gr\/","logo":{"@type":"ImageObject","inLanguage":"de","@id":"https:\/\/bizios.gr\/#\/schema\/logo\/image\/","url":"https:\/\/bizios.gr\/wp-content\/uploads\/2022\/11\/Capturebizios.png","contentUrl":"https:\/\/bizios.gr\/wp-content\/uploads\/2022\/11\/Capturebizios.png","width":269,"height":141,"caption":"Bizios"},"image":{"@id":"https:\/\/bizios.gr\/#\/schema\/logo\/image\/"},"sameAs":["https:\/\/www.facebook.com\/Biziosdairy\/","https:\/\/www.instagram.com\/biziosdairy\/"]}]}},"_links":{"self":[{"href":"https:\/\/bizios.gr\/de\/wp-json\/wp\/v2\/pages\/3080","targetHints":{"allow":["GET"]}}],"collection":[{"href":"https:\/\/bizios.gr\/de\/wp-json\/wp\/v2\/pages"}],"about":[{"href":"https:\/\/bizios.gr\/de\/wp-json\/wp\/v2\/types\/page"}],"author":[{"embeddable":true,"href":"https:\/\/bizios.gr\/de\/wp-json\/wp\/v2\/users\/11"}],"replies":[{"embeddable":true,"href":"https:\/\/bizios.gr\/de\/wp-json\/wp\/v2\/comments?post=3080"}],"version-history":[{"count":3,"href":"https:\/\/bizios.gr\/de\/wp-json\/wp\/v2\/pages\/3080\/revisions"}],"predecessor-version":[{"id":3091,"href":"https:\/\/bizios.gr\/de\/wp-json\/wp\/v2\/pages\/3080\/revisions\/3091"}],"up":[{"embeddable":true,"href":"https:\/\/bizios.gr\/de\/wp-json\/wp\/v2\/pages\/3083"}],"wp:attachment":[{"href":"https:\/\/bizios.gr\/de\/wp-json\/wp\/v2\/media?parent=3080"}],"curies":[{"name":"wp","href":"https:\/\/api.w.org\/{rel}","templated":true}]}}