{"id":3093,"date":"2022-07-20T16:58:40","date_gmt":"2022-07-20T13:58:40","guid":{"rendered":"https:\/\/bizios.gr\/ueber-uns\/our-production\/"},"modified":"2023-02-02T18:09:16","modified_gmt":"2023-02-02T16:09:16","slug":"unsere-produktion","status":"publish","type":"page","link":"https:\/\/bizios.gr\/de\/ueber-uns\/unsere-produktion\/","title":{"rendered":"UNSERE PRODUKTION"},"content":{"rendered":"<div class=\"wpb-content-wrapper\"><p>[vc_row][vc_column width=&#8220;1\/2&#8243;][vc_column_text]<\/p>\n<h2 class=\"main-title secondary-title\" style=\"margin-bottom: 20px;\">Unsere Produktion<\/h2>\n<p>&nbsp;<\/p>\n<p>Heute, nach Investitionen in Millionenh\u00f6he, ist unser Betrieb einer der modernsten im Lande. Es verf\u00fcgt \u00fcber die Gr\u00f6\u00dfe, die technologische Ausr\u00fcstung und die Infrastruktur, um die Bed\u00fcrfnisse des Marktes zu \u00fcbertreffen und j\u00e4hrlich Tonnen von K\u00e4seprodukten zu produzieren.<\/p>\n<p>&nbsp;<\/p>\n<p>Unsere hochmodernen, automatisierten Produktionslinien erm\u00f6glichen es uns, eine breite Palette von K\u00e4sesorten in verschiedenen Verpackungen herzustellen. Die Produktionslinie f\u00fcr Feta-K\u00e4se, eine der gr\u00f6\u00dften in Griechenland, hat eine Kapazit\u00e4t von mehr als 5.000 Tonnen pro Jahr![\/vc_column_text][\/vc_column][vc_column width=&#8220;1\/2&#8243;][vc_single_image image=&#8220;2977&#8243; img_size=&#8220;full&#8220; alignment=&#8220;right&#8220;][\/vc_column][\/vc_row]<\/p>\n<\/div>","protected":false},"excerpt":{"rendered":"<p>[vc_row][vc_column width=&#8220;1\/2&#8243;][vc_column_text] Unsere Produktion &nbsp; Heute, nach Investitionen in Millionenh\u00f6he, ist unser Betrieb einer der modernsten im Lande. Es verf\u00fcgt \u00fcber die Gr\u00f6\u00dfe, die technologische Ausr\u00fcstung und die Infrastruktur, um die Bed\u00fcrfnisse des Marktes zu \u00fcbertreffen und j\u00e4hrlich Tonnen von K\u00e4seprodukten zu produzieren. &nbsp; Unsere hochmodernen, automatisierten Produktionslinien erm\u00f6glichen es uns, eine breite Palette von [&hellip;]<\/p>\n","protected":false},"author":11,"featured_media":0,"parent":3083,"menu_order":20,"comment_status":"closed","ping_status":"closed","template":"template-page-with-children-menu.php","meta":{"_acf_changed":false,"inline_featured_image":false,"footnotes":""},"class_list":["post-3093","page","type-page","status-publish","hentry"],"acf":[],"yoast_head":"<!-- This site is optimized with the Yoast SEO plugin v27.4 - https:\/\/yoast.com\/product\/yoast-seo-wordpress\/ -->\n<title>UNSERE PRODUKTION - Bizios<\/title>\n<meta name=\"description\" content=\"The feta production line, one of the largest in Greece has an annual capacity of over 5,000 tonnes per year!\" \/>\n<meta name=\"robots\" content=\"index, follow, max-snippet:-1, max-image-preview:large, max-video-preview:-1\" \/>\n<link rel=\"canonical\" href=\"https:\/\/bizios.gr\/de\/ueber-uns\/unsere-produktion\/\" \/>\n<meta property=\"og:locale\" content=\"de_DE\" \/>\n<meta property=\"og:type\" content=\"article\" \/>\n<meta property=\"og:title\" content=\"UNSERE PRODUKTION - Bizios\" \/>\n<meta property=\"og:description\" content=\"The feta production line, one of the largest in Greece has an annual capacity of over 5,000 tonnes per year!\" \/>\n<meta property=\"og:url\" content=\"https:\/\/bizios.gr\/de\/ueber-uns\/unsere-produktion\/\" \/>\n<meta property=\"og:site_name\" content=\"Bizios\" \/>\n<meta property=\"article:publisher\" content=\"https:\/\/www.facebook.com\/Biziosdairy\/\" \/>\n<meta property=\"article:modified_time\" content=\"2023-02-02T16:09:16+00:00\" \/>\n<meta name=\"twitter:card\" content=\"summary_large_image\" \/>\n<meta name=\"twitter:label1\" content=\"Gesch\u00e4tzte Lesezeit\" \/>\n\t<meta name=\"twitter:data1\" content=\"1\u00a0Minute\" \/>\n<script type=\"application\/ld+json\" class=\"yoast-schema-graph\">{\"@context\":\"https:\\\/\\\/schema.org\",\"@graph\":[{\"@type\":\"WebPage\",\"@id\":\"https:\\\/\\\/bizios.gr\\\/de\\\/ueber-uns\\\/unsere-produktion\\\/\",\"url\":\"https:\\\/\\\/bizios.gr\\\/de\\\/ueber-uns\\\/unsere-produktion\\\/\",\"name\":\"UNSERE PRODUKTION - Bizios\",\"isPartOf\":{\"@id\":\"https:\\\/\\\/bizios.gr\\\/#website\"},\"datePublished\":\"2022-07-20T13:58:40+00:00\",\"dateModified\":\"2023-02-02T16:09:16+00:00\",\"description\":\"The feta production line, one of the largest in Greece has an annual capacity of over 5,000 tonnes per year!\",\"breadcrumb\":{\"@id\":\"https:\\\/\\\/bizios.gr\\\/de\\\/ueber-uns\\\/unsere-produktion\\\/#breadcrumb\"},\"inLanguage\":\"de\",\"potentialAction\":[{\"@type\":\"ReadAction\",\"target\":[\"https:\\\/\\\/bizios.gr\\\/de\\\/ueber-uns\\\/unsere-produktion\\\/\"]}]},{\"@type\":\"BreadcrumbList\",\"@id\":\"https:\\\/\\\/bizios.gr\\\/de\\\/ueber-uns\\\/unsere-produktion\\\/#breadcrumb\",\"itemListElement\":[{\"@type\":\"ListItem\",\"position\":1,\"name\":\"\u0391\u03c1\u03c7\u03b9\u03ba\u03ae\",\"item\":\"https:\\\/\\\/bizios.gr\\\/de\\\/\"},{\"@type\":\"ListItem\",\"position\":2,\"name\":\"\u00dcBER UNS\",\"item\":\"https:\\\/\\\/bizios.gr\\\/de\\\/ueber-uns\\\/\"},{\"@type\":\"ListItem\",\"position\":3,\"name\":\"UNSERE PRODUKTION\"}]},{\"@type\":\"WebSite\",\"@id\":\"https:\\\/\\\/bizios.gr\\\/#website\",\"url\":\"https:\\\/\\\/bizios.gr\\\/\",\"name\":\"Bizios\",\"description\":\"\",\"publisher\":{\"@id\":\"https:\\\/\\\/bizios.gr\\\/#organization\"},\"potentialAction\":[{\"@type\":\"SearchAction\",\"target\":{\"@type\":\"EntryPoint\",\"urlTemplate\":\"https:\\\/\\\/bizios.gr\\\/?s={search_term_string}\"},\"query-input\":{\"@type\":\"PropertyValueSpecification\",\"valueRequired\":true,\"valueName\":\"search_term_string\"}}],\"inLanguage\":\"de\"},{\"@type\":\"Organization\",\"@id\":\"https:\\\/\\\/bizios.gr\\\/#organization\",\"name\":\"Bizios\",\"url\":\"https:\\\/\\\/bizios.gr\\\/\",\"logo\":{\"@type\":\"ImageObject\",\"inLanguage\":\"de\",\"@id\":\"https:\\\/\\\/bizios.gr\\\/#\\\/schema\\\/logo\\\/image\\\/\",\"url\":\"https:\\\/\\\/bizios.gr\\\/wp-content\\\/uploads\\\/2022\\\/11\\\/Capturebizios.png\",\"contentUrl\":\"https:\\\/\\\/bizios.gr\\\/wp-content\\\/uploads\\\/2022\\\/11\\\/Capturebizios.png\",\"width\":269,\"height\":141,\"caption\":\"Bizios\"},\"image\":{\"@id\":\"https:\\\/\\\/bizios.gr\\\/#\\\/schema\\\/logo\\\/image\\\/\"},\"sameAs\":[\"https:\\\/\\\/www.facebook.com\\\/Biziosdairy\\\/\",\"https:\\\/\\\/www.instagram.com\\\/biziosdairy\\\/\"]}]}<\/script>\n<!-- \/ Yoast SEO plugin. -->","yoast_head_json":{"title":"UNSERE PRODUKTION - Bizios","description":"The feta production line, one of the largest in Greece has an annual capacity of over 5,000 tonnes per year!","robots":{"index":"index","follow":"follow","max-snippet":"max-snippet:-1","max-image-preview":"max-image-preview:large","max-video-preview":"max-video-preview:-1"},"canonical":"https:\/\/bizios.gr\/de\/ueber-uns\/unsere-produktion\/","og_locale":"de_DE","og_type":"article","og_title":"UNSERE PRODUKTION - Bizios","og_description":"The feta production line, one of the largest in Greece has an annual capacity of over 5,000 tonnes per year!","og_url":"https:\/\/bizios.gr\/de\/ueber-uns\/unsere-produktion\/","og_site_name":"Bizios","article_publisher":"https:\/\/www.facebook.com\/Biziosdairy\/","article_modified_time":"2023-02-02T16:09:16+00:00","twitter_card":"summary_large_image","twitter_misc":{"Gesch\u00e4tzte Lesezeit":"1\u00a0Minute"},"schema":{"@context":"https:\/\/schema.org","@graph":[{"@type":"WebPage","@id":"https:\/\/bizios.gr\/de\/ueber-uns\/unsere-produktion\/","url":"https:\/\/bizios.gr\/de\/ueber-uns\/unsere-produktion\/","name":"UNSERE PRODUKTION - Bizios","isPartOf":{"@id":"https:\/\/bizios.gr\/#website"},"datePublished":"2022-07-20T13:58:40+00:00","dateModified":"2023-02-02T16:09:16+00:00","description":"The feta production line, one of the largest in Greece has an annual capacity of over 5,000 tonnes per year!","breadcrumb":{"@id":"https:\/\/bizios.gr\/de\/ueber-uns\/unsere-produktion\/#breadcrumb"},"inLanguage":"de","potentialAction":[{"@type":"ReadAction","target":["https:\/\/bizios.gr\/de\/ueber-uns\/unsere-produktion\/"]}]},{"@type":"BreadcrumbList","@id":"https:\/\/bizios.gr\/de\/ueber-uns\/unsere-produktion\/#breadcrumb","itemListElement":[{"@type":"ListItem","position":1,"name":"\u0391\u03c1\u03c7\u03b9\u03ba\u03ae","item":"https:\/\/bizios.gr\/de\/"},{"@type":"ListItem","position":2,"name":"\u00dcBER UNS","item":"https:\/\/bizios.gr\/de\/ueber-uns\/"},{"@type":"ListItem","position":3,"name":"UNSERE PRODUKTION"}]},{"@type":"WebSite","@id":"https:\/\/bizios.gr\/#website","url":"https:\/\/bizios.gr\/","name":"Bizios","description":"","publisher":{"@id":"https:\/\/bizios.gr\/#organization"},"potentialAction":[{"@type":"SearchAction","target":{"@type":"EntryPoint","urlTemplate":"https:\/\/bizios.gr\/?s={search_term_string}"},"query-input":{"@type":"PropertyValueSpecification","valueRequired":true,"valueName":"search_term_string"}}],"inLanguage":"de"},{"@type":"Organization","@id":"https:\/\/bizios.gr\/#organization","name":"Bizios","url":"https:\/\/bizios.gr\/","logo":{"@type":"ImageObject","inLanguage":"de","@id":"https:\/\/bizios.gr\/#\/schema\/logo\/image\/","url":"https:\/\/bizios.gr\/wp-content\/uploads\/2022\/11\/Capturebizios.png","contentUrl":"https:\/\/bizios.gr\/wp-content\/uploads\/2022\/11\/Capturebizios.png","width":269,"height":141,"caption":"Bizios"},"image":{"@id":"https:\/\/bizios.gr\/#\/schema\/logo\/image\/"},"sameAs":["https:\/\/www.facebook.com\/Biziosdairy\/","https:\/\/www.instagram.com\/biziosdairy\/"]}]}},"_links":{"self":[{"href":"https:\/\/bizios.gr\/de\/wp-json\/wp\/v2\/pages\/3093","targetHints":{"allow":["GET"]}}],"collection":[{"href":"https:\/\/bizios.gr\/de\/wp-json\/wp\/v2\/pages"}],"about":[{"href":"https:\/\/bizios.gr\/de\/wp-json\/wp\/v2\/types\/page"}],"author":[{"embeddable":true,"href":"https:\/\/bizios.gr\/de\/wp-json\/wp\/v2\/users\/11"}],"replies":[{"embeddable":true,"href":"https:\/\/bizios.gr\/de\/wp-json\/wp\/v2\/comments?post=3093"}],"version-history":[{"count":4,"href":"https:\/\/bizios.gr\/de\/wp-json\/wp\/v2\/pages\/3093\/revisions"}],"predecessor-version":[{"id":3287,"href":"https:\/\/bizios.gr\/de\/wp-json\/wp\/v2\/pages\/3093\/revisions\/3287"}],"up":[{"embeddable":true,"href":"https:\/\/bizios.gr\/de\/wp-json\/wp\/v2\/pages\/3083"}],"wp:attachment":[{"href":"https:\/\/bizios.gr\/de\/wp-json\/wp\/v2\/media?parent=3093"}],"curies":[{"name":"wp","href":"https:\/\/api.w.org\/{rel}","templated":true}]}}