{"id":3097,"date":"2022-07-21T11:15:59","date_gmt":"2022-07-21T08:15:59","guid":{"rendered":"https:\/\/bizios.gr\/ueber-uns\/our-products\/"},"modified":"2023-01-16T10:41:41","modified_gmt":"2023-01-16T08:41:41","slug":"unsere-produkte","status":"publish","type":"page","link":"https:\/\/bizios.gr\/de\/ueber-uns\/unsere-produkte\/","title":{"rendered":"UNSERE PRODUKTE"},"content":{"rendered":"<div class=\"wpb-content-wrapper\"><p>[vc_row][vc_column width=&#8220;1\/2&#8243;][vc_column_text]<\/p>\n<h2 class=\"main-title secondary-title\" style=\"margin-bottom: 20px;\">Unsere Produkte<\/h2>\n<p><strong><em><u>Feta-K\u00e4se g.U.<br \/>\n<\/u><\/em><\/strong><\/p>\n<p><em>Aus 100 % Schafs- und Ziegenmilch <\/em><\/p>\n<p><em>\u00a0<\/em><\/p>\n<p><strong><em><u>Bio Feta-K\u00e4se g.U.<\/u><\/em><\/strong><\/p>\n<p><em>Aus 100 % Schafs- und Ziegenmilch <\/em><\/p>\n<p><em>\u00a0<\/em><\/p>\n<p><strong><em><u>Wei\u00dfk\u00e4se<\/u><\/em><\/strong><\/p>\n<p><strong>Wei\u00dfer Bergk\u00e4se<\/strong><\/p>\n<p><em>Aus 100 % Kuhmilch<\/em><\/p>\n<p><em>\u00a0<\/em><\/p>\n<p><strong><em><u>Hartk\u00e4se<\/u><\/em><\/strong><\/p>\n<p><strong>Kefalotyri-K\u00e4se<\/strong><\/p>\n<p><em>Aus 100 % Schafs- und Ziegenmilch<\/em><\/p>\n<p><strong>Graviera-K\u00e4se<\/strong><\/p>\n<p><em>Aus 100 % Schafs- und Ziegenmilch<\/em><\/p>\n<p><strong>Hartk\u00e4se<\/strong><\/p>\n<p><em>Aus 100 % Kuhmilch<\/em><\/p>\n<p><strong>\u00a0<\/strong><\/p>\n<p><strong><em><u>Halbhartk\u00e4se<\/u><\/em><\/strong><\/p>\n<p><strong>Kaseri-K\u00e4se g.U.<\/strong><\/p>\n<p><em>Aus 100 % Schafs- und Ziegenmilch<\/em><\/p>\n<p><strong>Halbhartk\u00e4se aus Elassona <\/strong><\/p>\n<p><em>Aus Schafs- und Ziegenmilch &amp; Kuhmilch<\/em><\/p>\n<p><strong>Halbharter Bergk\u00e4se<\/strong><\/p>\n<p><em>Aus 100 % Kuhmilch<\/em><\/p>\n<p><strong>\u00a0<\/strong><\/p>\n<p><strong><em><u>Milchprodukte<\/u><\/em><\/strong><\/p>\n<p><strong>Manouri-K\u00e4se g.U.<\/strong><\/p>\n<p><em>Aus 100 % Schafs- und Ziegencreme und Molke<\/em><\/p>\n<p><strong>Mizithra-K\u00e4se<\/strong><\/p>\n<p><em>Aus 100 % Schafs- und Ziegenmilch<\/em><\/p>\n<p><strong>Creme<\/strong><\/p>\n<p><em>Aus 100 % Schafs- und Ziegenmilch<\/em><\/p>\n<p><strong>Butter <\/strong><\/p>\n<p><strong><em>Aus 100 % Schafs- und Ziegenmilch<\/em><\/strong><\/p>\n<p>&nbsp;<\/p>\n<p>Am Fu\u00dfe des Olymps, in einer naturbelassenen Gegend Griechenlands, die f\u00fcr ihre lange K\u00e4setradition bekannt ist, fanden wir den geeignetsten und gastfreundlichsten Ort, um unseren Betrieb unterzubringen. Gastfreundlich f\u00fcr uns und unsere Unternehmensvision, aber auch \u2013 und vor allem \u2013 f\u00fcr die Tiere, die uns t\u00e4glich den reinsten Rohstoff f\u00fcr die Herstellung unserer Produkte liefern: Die Frischmilch ist von h\u00f6chster Qualit\u00e4t und stammt von Schafen, Ziegen und K\u00fchen, die in voller Harmonie mit der Umwelt leben und sich qualitativ hochwertig vermehren. Gleichzeitig ist die von uns geschaffene spezielle Veterin\u00e4rabteilung f\u00fcr die \u00dcberwachung der Gesundheit unserer Tiere zust\u00e4ndig.<\/p>\n<p>[\/vc_column_text][\/vc_column][vc_column width=&#8220;1\/2&#8243;][vc_single_image image=&#8220;2979&#8243; img_size=&#8220;full&#8220; alignment=&#8220;right&#8220;][\/vc_column][\/vc_row]<\/p>\n<\/div>","protected":false},"excerpt":{"rendered":"<p>[vc_row][vc_column width=&#8220;1\/2&#8243;][vc_column_text] Unsere Produkte Feta-K\u00e4se g.U. Aus 100 % Schafs- und Ziegenmilch \u00a0 Bio Feta-K\u00e4se g.U. Aus 100 % Schafs- und Ziegenmilch \u00a0 Wei\u00dfk\u00e4se Wei\u00dfer Bergk\u00e4se Aus 100 % Kuhmilch \u00a0 Hartk\u00e4se Kefalotyri-K\u00e4se Aus 100 % Schafs- und Ziegenmilch Graviera-K\u00e4se Aus 100 % Schafs- und Ziegenmilch Hartk\u00e4se Aus 100 % Kuhmilch \u00a0 Halbhartk\u00e4se Kaseri-K\u00e4se g.U. [&hellip;]<\/p>\n","protected":false},"author":11,"featured_media":0,"parent":3083,"menu_order":21,"comment_status":"closed","ping_status":"closed","template":"template-page-with-children-menu.php","meta":{"_acf_changed":false,"inline_featured_image":false,"footnotes":""},"class_list":["post-3097","page","type-page","status-publish","hentry"],"acf":[],"yoast_head":"<!-- This site is optimized with the Yoast SEO plugin v27.4 - https:\/\/yoast.com\/product\/yoast-seo-wordpress\/ -->\n<title>UNSERE PRODUKTE - Bizios<\/title>\n<meta name=\"description\" content=\"At the foot of Olympus we found the most welcoming place for the daily production of our products based on the purest raw materials\" \/>\n<meta name=\"robots\" content=\"index, follow, max-snippet:-1, max-image-preview:large, max-video-preview:-1\" \/>\n<link rel=\"canonical\" href=\"https:\/\/bizios.gr\/de\/ueber-uns\/unsere-produkte\/\" \/>\n<meta property=\"og:locale\" content=\"de_DE\" \/>\n<meta property=\"og:type\" content=\"article\" \/>\n<meta property=\"og:title\" content=\"UNSERE PRODUKTE - Bizios\" \/>\n<meta property=\"og:description\" content=\"At the foot of Olympus we found the most welcoming place for the daily production of our products based on the purest raw materials\" \/>\n<meta property=\"og:url\" content=\"https:\/\/bizios.gr\/de\/ueber-uns\/unsere-produkte\/\" \/>\n<meta property=\"og:site_name\" content=\"Bizios\" \/>\n<meta property=\"article:publisher\" content=\"https:\/\/www.facebook.com\/Biziosdairy\/\" \/>\n<meta property=\"article:modified_time\" content=\"2023-01-16T08:41:41+00:00\" \/>\n<meta name=\"twitter:card\" content=\"summary_large_image\" \/>\n<meta name=\"twitter:label1\" content=\"Gesch\u00e4tzte Lesezeit\" \/>\n\t<meta name=\"twitter:data1\" content=\"2\u00a0Minuten\" \/>\n<script type=\"application\/ld+json\" class=\"yoast-schema-graph\">{\"@context\":\"https:\\\/\\\/schema.org\",\"@graph\":[{\"@type\":\"WebPage\",\"@id\":\"https:\\\/\\\/bizios.gr\\\/de\\\/ueber-uns\\\/unsere-produkte\\\/\",\"url\":\"https:\\\/\\\/bizios.gr\\\/de\\\/ueber-uns\\\/unsere-produkte\\\/\",\"name\":\"UNSERE PRODUKTE - Bizios\",\"isPartOf\":{\"@id\":\"https:\\\/\\\/bizios.gr\\\/#website\"},\"datePublished\":\"2022-07-21T08:15:59+00:00\",\"dateModified\":\"2023-01-16T08:41:41+00:00\",\"description\":\"At the foot of Olympus we found the most welcoming place for the daily production of our products based on the purest raw materials\",\"breadcrumb\":{\"@id\":\"https:\\\/\\\/bizios.gr\\\/de\\\/ueber-uns\\\/unsere-produkte\\\/#breadcrumb\"},\"inLanguage\":\"de\",\"potentialAction\":[{\"@type\":\"ReadAction\",\"target\":[\"https:\\\/\\\/bizios.gr\\\/de\\\/ueber-uns\\\/unsere-produkte\\\/\"]}]},{\"@type\":\"BreadcrumbList\",\"@id\":\"https:\\\/\\\/bizios.gr\\\/de\\\/ueber-uns\\\/unsere-produkte\\\/#breadcrumb\",\"itemListElement\":[{\"@type\":\"ListItem\",\"position\":1,\"name\":\"\u0391\u03c1\u03c7\u03b9\u03ba\u03ae\",\"item\":\"https:\\\/\\\/bizios.gr\\\/de\\\/\"},{\"@type\":\"ListItem\",\"position\":2,\"name\":\"\u00dcBER UNS\",\"item\":\"https:\\\/\\\/bizios.gr\\\/de\\\/ueber-uns\\\/\"},{\"@type\":\"ListItem\",\"position\":3,\"name\":\"UNSERE PRODUKTE\"}]},{\"@type\":\"WebSite\",\"@id\":\"https:\\\/\\\/bizios.gr\\\/#website\",\"url\":\"https:\\\/\\\/bizios.gr\\\/\",\"name\":\"Bizios\",\"description\":\"\",\"publisher\":{\"@id\":\"https:\\\/\\\/bizios.gr\\\/#organization\"},\"potentialAction\":[{\"@type\":\"SearchAction\",\"target\":{\"@type\":\"EntryPoint\",\"urlTemplate\":\"https:\\\/\\\/bizios.gr\\\/?s={search_term_string}\"},\"query-input\":{\"@type\":\"PropertyValueSpecification\",\"valueRequired\":true,\"valueName\":\"search_term_string\"}}],\"inLanguage\":\"de\"},{\"@type\":\"Organization\",\"@id\":\"https:\\\/\\\/bizios.gr\\\/#organization\",\"name\":\"Bizios\",\"url\":\"https:\\\/\\\/bizios.gr\\\/\",\"logo\":{\"@type\":\"ImageObject\",\"inLanguage\":\"de\",\"@id\":\"https:\\\/\\\/bizios.gr\\\/#\\\/schema\\\/logo\\\/image\\\/\",\"url\":\"https:\\\/\\\/bizios.gr\\\/wp-content\\\/uploads\\\/2022\\\/11\\\/Capturebizios.png\",\"contentUrl\":\"https:\\\/\\\/bizios.gr\\\/wp-content\\\/uploads\\\/2022\\\/11\\\/Capturebizios.png\",\"width\":269,\"height\":141,\"caption\":\"Bizios\"},\"image\":{\"@id\":\"https:\\\/\\\/bizios.gr\\\/#\\\/schema\\\/logo\\\/image\\\/\"},\"sameAs\":[\"https:\\\/\\\/www.facebook.com\\\/Biziosdairy\\\/\",\"https:\\\/\\\/www.instagram.com\\\/biziosdairy\\\/\"]}]}<\/script>\n<!-- \/ Yoast SEO plugin. -->","yoast_head_json":{"title":"UNSERE PRODUKTE - Bizios","description":"At the foot of Olympus we found the most welcoming place for the daily production of our products based on the purest raw materials","robots":{"index":"index","follow":"follow","max-snippet":"max-snippet:-1","max-image-preview":"max-image-preview:large","max-video-preview":"max-video-preview:-1"},"canonical":"https:\/\/bizios.gr\/de\/ueber-uns\/unsere-produkte\/","og_locale":"de_DE","og_type":"article","og_title":"UNSERE PRODUKTE - Bizios","og_description":"At the foot of Olympus we found the most welcoming place for the daily production of our products based on the purest raw materials","og_url":"https:\/\/bizios.gr\/de\/ueber-uns\/unsere-produkte\/","og_site_name":"Bizios","article_publisher":"https:\/\/www.facebook.com\/Biziosdairy\/","article_modified_time":"2023-01-16T08:41:41+00:00","twitter_card":"summary_large_image","twitter_misc":{"Gesch\u00e4tzte Lesezeit":"2\u00a0Minuten"},"schema":{"@context":"https:\/\/schema.org","@graph":[{"@type":"WebPage","@id":"https:\/\/bizios.gr\/de\/ueber-uns\/unsere-produkte\/","url":"https:\/\/bizios.gr\/de\/ueber-uns\/unsere-produkte\/","name":"UNSERE PRODUKTE - Bizios","isPartOf":{"@id":"https:\/\/bizios.gr\/#website"},"datePublished":"2022-07-21T08:15:59+00:00","dateModified":"2023-01-16T08:41:41+00:00","description":"At the foot of Olympus we found the most welcoming place for the daily production of our products based on the purest raw materials","breadcrumb":{"@id":"https:\/\/bizios.gr\/de\/ueber-uns\/unsere-produkte\/#breadcrumb"},"inLanguage":"de","potentialAction":[{"@type":"ReadAction","target":["https:\/\/bizios.gr\/de\/ueber-uns\/unsere-produkte\/"]}]},{"@type":"BreadcrumbList","@id":"https:\/\/bizios.gr\/de\/ueber-uns\/unsere-produkte\/#breadcrumb","itemListElement":[{"@type":"ListItem","position":1,"name":"\u0391\u03c1\u03c7\u03b9\u03ba\u03ae","item":"https:\/\/bizios.gr\/de\/"},{"@type":"ListItem","position":2,"name":"\u00dcBER UNS","item":"https:\/\/bizios.gr\/de\/ueber-uns\/"},{"@type":"ListItem","position":3,"name":"UNSERE PRODUKTE"}]},{"@type":"WebSite","@id":"https:\/\/bizios.gr\/#website","url":"https:\/\/bizios.gr\/","name":"Bizios","description":"","publisher":{"@id":"https:\/\/bizios.gr\/#organization"},"potentialAction":[{"@type":"SearchAction","target":{"@type":"EntryPoint","urlTemplate":"https:\/\/bizios.gr\/?s={search_term_string}"},"query-input":{"@type":"PropertyValueSpecification","valueRequired":true,"valueName":"search_term_string"}}],"inLanguage":"de"},{"@type":"Organization","@id":"https:\/\/bizios.gr\/#organization","name":"Bizios","url":"https:\/\/bizios.gr\/","logo":{"@type":"ImageObject","inLanguage":"de","@id":"https:\/\/bizios.gr\/#\/schema\/logo\/image\/","url":"https:\/\/bizios.gr\/wp-content\/uploads\/2022\/11\/Capturebizios.png","contentUrl":"https:\/\/bizios.gr\/wp-content\/uploads\/2022\/11\/Capturebizios.png","width":269,"height":141,"caption":"Bizios"},"image":{"@id":"https:\/\/bizios.gr\/#\/schema\/logo\/image\/"},"sameAs":["https:\/\/www.facebook.com\/Biziosdairy\/","https:\/\/www.instagram.com\/biziosdairy\/"]}]}},"_links":{"self":[{"href":"https:\/\/bizios.gr\/de\/wp-json\/wp\/v2\/pages\/3097","targetHints":{"allow":["GET"]}}],"collection":[{"href":"https:\/\/bizios.gr\/de\/wp-json\/wp\/v2\/pages"}],"about":[{"href":"https:\/\/bizios.gr\/de\/wp-json\/wp\/v2\/types\/page"}],"author":[{"embeddable":true,"href":"https:\/\/bizios.gr\/de\/wp-json\/wp\/v2\/users\/11"}],"replies":[{"embeddable":true,"href":"https:\/\/bizios.gr\/de\/wp-json\/wp\/v2\/comments?post=3097"}],"version-history":[{"count":2,"href":"https:\/\/bizios.gr\/de\/wp-json\/wp\/v2\/pages\/3097\/revisions"}],"predecessor-version":[{"id":3099,"href":"https:\/\/bizios.gr\/de\/wp-json\/wp\/v2\/pages\/3097\/revisions\/3099"}],"up":[{"embeddable":true,"href":"https:\/\/bizios.gr\/de\/wp-json\/wp\/v2\/pages\/3083"}],"wp:attachment":[{"href":"https:\/\/bizios.gr\/de\/wp-json\/wp\/v2\/media?parent=3097"}],"curies":[{"name":"wp","href":"https:\/\/api.w.org\/{rel}","templated":true}]}}