{"id":3100,"date":"2022-04-05T12:20:33","date_gmt":"2022-04-05T09:20:33","guid":{"rendered":"https:\/\/bizios.gr\/ueber-uns\/distinctions\/"},"modified":"2023-02-03T15:24:57","modified_gmt":"2023-02-03T13:24:57","slug":"auszeichnungen","status":"publish","type":"page","link":"https:\/\/bizios.gr\/de\/ueber-uns\/auszeichnungen\/","title":{"rendered":"AUSZEICHNUNGEN"},"content":{"rendered":"<div class=\"wpb-content-wrapper\"><p>[vc_row][vc_column width=&#8220;1\/2&#8243;][vc_column_text]<\/p>\n<h2 class=\"main-title secondary-title\" style=\"margin-bottom: 20px;\">Auszeichnungen<\/h2>\n<p><strong>\u00a0<\/strong><\/p>\n<ul>\n<li>\u00dcber 90 Jahre Erfahrung in der Herstellung von K\u00e4seprodukten<\/li>\n<li>T\u00e4gliche Milchverarbeitung: 120.000 kg<\/li>\n<li>Qualit\u00e4tszertifizierung ISO 22000:2018, ISO 9001:2015, BRC, IFS, HALAL<\/li>\n<li>Exportkan\u00e4le in die USA, China, Europa, die Vereinigten Arabischen Emirate und Australien<\/li>\n<li>Mehr als 500 Genossenschaftsbauern<\/li>\n<li>Auszeichnung im internationalen Hartk\u00e4se-Wettbewerb. Preis: Eine Bronzemedaille im Jahr 2019 und eine Silbermedaille im Jahr 2017 bei den \u201eNantwich International Cheese Awards\u201c (Graviera-K\u00e4se aus Elassona)<\/li>\n<li>Teilnahme an mehr als 50 Messen weltweit (Anuga food, Deutschland, Sial food: Frankreich, PLMA: Amsterdam, Fancy food: San Francisco, USA, Foodexpo: Griechenland)<\/li>\n<li>Organisierte R&amp;D Abteilung und f\u00fcr die Entwicklung von Eigenmarkenprodukten<\/li>\n<li>Spezialisierung auf die Herstellung von Produkten mit gesch\u00fctzter Ursprungsbezeichnung (g.U. Feta-K\u00e4se)<\/li>\n<li>Umweltvertr\u00e4gliche Recyclingverfahren f\u00fcr alle Nebenprodukte<\/li>\n<\/ul>\n<p>[\/vc_column_text][\/vc_column][vc_column width=&#8220;1\/2&#8243;][vc_single_image image=&#8220;3017&#8243; img_size=&#8220;full&#8220; alignment=&#8220;center&#8220;][vc_empty_space height=&#8220;40px&#8220;][vc_single_image image=&#8220;3018&#8243; img_size=&#8220;full&#8220; alignment=&#8220;center&#8220;][\/vc_column][\/vc_row]<\/p>\n<\/div>","protected":false},"excerpt":{"rendered":"<p>[vc_row][vc_column width=&#8220;1\/2&#8243;][vc_column_text] Auszeichnungen \u00a0 \u00dcber 90 Jahre Erfahrung in der Herstellung von K\u00e4seprodukten T\u00e4gliche Milchverarbeitung: 120.000 kg Qualit\u00e4tszertifizierung ISO 22000:2018, ISO 9001:2015, BRC, IFS, HALAL Exportkan\u00e4le in die USA, China, Europa, die Vereinigten Arabischen Emirate und Australien Mehr als 500 Genossenschaftsbauern Auszeichnung im internationalen Hartk\u00e4se-Wettbewerb. Preis: Eine Bronzemedaille im Jahr 2019 und eine Silbermedaille im [&hellip;]<\/p>\n","protected":false},"author":11,"featured_media":0,"parent":3083,"menu_order":22,"comment_status":"closed","ping_status":"closed","template":"template-page-with-children-menu.php","meta":{"_acf_changed":false,"inline_featured_image":false,"footnotes":""},"class_list":["post-3100","page","type-page","status-publish","hentry"],"acf":[],"yoast_head":"<!-- This site is optimized with the Yoast SEO plugin v27.4 - https:\/\/yoast.com\/product\/yoast-seo-wordpress\/ -->\n<title>AUSZEICHNUNGEN - Bizios<\/title>\n<meta name=\"description\" content=\"Over 90 years of cheesemaking expertise and distinctions\" \/>\n<meta name=\"robots\" content=\"index, follow, max-snippet:-1, max-image-preview:large, max-video-preview:-1\" \/>\n<link rel=\"canonical\" href=\"https:\/\/bizios.gr\/de\/ueber-uns\/auszeichnungen\/\" \/>\n<meta property=\"og:locale\" content=\"de_DE\" \/>\n<meta property=\"og:type\" content=\"article\" \/>\n<meta property=\"og:title\" content=\"AUSZEICHNUNGEN - Bizios\" \/>\n<meta property=\"og:description\" content=\"Over 90 years of cheesemaking expertise and distinctions\" \/>\n<meta property=\"og:url\" content=\"https:\/\/bizios.gr\/de\/ueber-uns\/auszeichnungen\/\" \/>\n<meta property=\"og:site_name\" content=\"Bizios\" \/>\n<meta property=\"article:publisher\" content=\"https:\/\/www.facebook.com\/Biziosdairy\/\" \/>\n<meta property=\"article:modified_time\" content=\"2023-02-03T13:24:57+00:00\" \/>\n<meta name=\"twitter:card\" content=\"summary_large_image\" \/>\n<meta name=\"twitter:label1\" content=\"Gesch\u00e4tzte Lesezeit\" \/>\n\t<meta name=\"twitter:data1\" content=\"1\u00a0Minute\" \/>\n<script type=\"application\/ld+json\" class=\"yoast-schema-graph\">{\"@context\":\"https:\\\/\\\/schema.org\",\"@graph\":[{\"@type\":\"WebPage\",\"@id\":\"https:\\\/\\\/bizios.gr\\\/de\\\/ueber-uns\\\/auszeichnungen\\\/\",\"url\":\"https:\\\/\\\/bizios.gr\\\/de\\\/ueber-uns\\\/auszeichnungen\\\/\",\"name\":\"AUSZEICHNUNGEN - Bizios\",\"isPartOf\":{\"@id\":\"https:\\\/\\\/bizios.gr\\\/#website\"},\"datePublished\":\"2022-04-05T09:20:33+00:00\",\"dateModified\":\"2023-02-03T13:24:57+00:00\",\"description\":\"Over 90 years of cheesemaking expertise and distinctions\",\"breadcrumb\":{\"@id\":\"https:\\\/\\\/bizios.gr\\\/de\\\/ueber-uns\\\/auszeichnungen\\\/#breadcrumb\"},\"inLanguage\":\"de\",\"potentialAction\":[{\"@type\":\"ReadAction\",\"target\":[\"https:\\\/\\\/bizios.gr\\\/de\\\/ueber-uns\\\/auszeichnungen\\\/\"]}]},{\"@type\":\"BreadcrumbList\",\"@id\":\"https:\\\/\\\/bizios.gr\\\/de\\\/ueber-uns\\\/auszeichnungen\\\/#breadcrumb\",\"itemListElement\":[{\"@type\":\"ListItem\",\"position\":1,\"name\":\"\u0391\u03c1\u03c7\u03b9\u03ba\u03ae\",\"item\":\"https:\\\/\\\/bizios.gr\\\/de\\\/\"},{\"@type\":\"ListItem\",\"position\":2,\"name\":\"\u00dcBER UNS\",\"item\":\"https:\\\/\\\/bizios.gr\\\/de\\\/ueber-uns\\\/\"},{\"@type\":\"ListItem\",\"position\":3,\"name\":\"AUSZEICHNUNGEN\"}]},{\"@type\":\"WebSite\",\"@id\":\"https:\\\/\\\/bizios.gr\\\/#website\",\"url\":\"https:\\\/\\\/bizios.gr\\\/\",\"name\":\"Bizios\",\"description\":\"\",\"publisher\":{\"@id\":\"https:\\\/\\\/bizios.gr\\\/#organization\"},\"potentialAction\":[{\"@type\":\"SearchAction\",\"target\":{\"@type\":\"EntryPoint\",\"urlTemplate\":\"https:\\\/\\\/bizios.gr\\\/?s={search_term_string}\"},\"query-input\":{\"@type\":\"PropertyValueSpecification\",\"valueRequired\":true,\"valueName\":\"search_term_string\"}}],\"inLanguage\":\"de\"},{\"@type\":\"Organization\",\"@id\":\"https:\\\/\\\/bizios.gr\\\/#organization\",\"name\":\"Bizios\",\"url\":\"https:\\\/\\\/bizios.gr\\\/\",\"logo\":{\"@type\":\"ImageObject\",\"inLanguage\":\"de\",\"@id\":\"https:\\\/\\\/bizios.gr\\\/#\\\/schema\\\/logo\\\/image\\\/\",\"url\":\"https:\\\/\\\/bizios.gr\\\/wp-content\\\/uploads\\\/2022\\\/11\\\/Capturebizios.png\",\"contentUrl\":\"https:\\\/\\\/bizios.gr\\\/wp-content\\\/uploads\\\/2022\\\/11\\\/Capturebizios.png\",\"width\":269,\"height\":141,\"caption\":\"Bizios\"},\"image\":{\"@id\":\"https:\\\/\\\/bizios.gr\\\/#\\\/schema\\\/logo\\\/image\\\/\"},\"sameAs\":[\"https:\\\/\\\/www.facebook.com\\\/Biziosdairy\\\/\",\"https:\\\/\\\/www.instagram.com\\\/biziosdairy\\\/\"]}]}<\/script>\n<!-- \/ Yoast SEO plugin. -->","yoast_head_json":{"title":"AUSZEICHNUNGEN - Bizios","description":"Over 90 years of cheesemaking expertise and distinctions","robots":{"index":"index","follow":"follow","max-snippet":"max-snippet:-1","max-image-preview":"max-image-preview:large","max-video-preview":"max-video-preview:-1"},"canonical":"https:\/\/bizios.gr\/de\/ueber-uns\/auszeichnungen\/","og_locale":"de_DE","og_type":"article","og_title":"AUSZEICHNUNGEN - Bizios","og_description":"Over 90 years of cheesemaking expertise and distinctions","og_url":"https:\/\/bizios.gr\/de\/ueber-uns\/auszeichnungen\/","og_site_name":"Bizios","article_publisher":"https:\/\/www.facebook.com\/Biziosdairy\/","article_modified_time":"2023-02-03T13:24:57+00:00","twitter_card":"summary_large_image","twitter_misc":{"Gesch\u00e4tzte Lesezeit":"1\u00a0Minute"},"schema":{"@context":"https:\/\/schema.org","@graph":[{"@type":"WebPage","@id":"https:\/\/bizios.gr\/de\/ueber-uns\/auszeichnungen\/","url":"https:\/\/bizios.gr\/de\/ueber-uns\/auszeichnungen\/","name":"AUSZEICHNUNGEN - Bizios","isPartOf":{"@id":"https:\/\/bizios.gr\/#website"},"datePublished":"2022-04-05T09:20:33+00:00","dateModified":"2023-02-03T13:24:57+00:00","description":"Over 90 years of cheesemaking expertise and distinctions","breadcrumb":{"@id":"https:\/\/bizios.gr\/de\/ueber-uns\/auszeichnungen\/#breadcrumb"},"inLanguage":"de","potentialAction":[{"@type":"ReadAction","target":["https:\/\/bizios.gr\/de\/ueber-uns\/auszeichnungen\/"]}]},{"@type":"BreadcrumbList","@id":"https:\/\/bizios.gr\/de\/ueber-uns\/auszeichnungen\/#breadcrumb","itemListElement":[{"@type":"ListItem","position":1,"name":"\u0391\u03c1\u03c7\u03b9\u03ba\u03ae","item":"https:\/\/bizios.gr\/de\/"},{"@type":"ListItem","position":2,"name":"\u00dcBER UNS","item":"https:\/\/bizios.gr\/de\/ueber-uns\/"},{"@type":"ListItem","position":3,"name":"AUSZEICHNUNGEN"}]},{"@type":"WebSite","@id":"https:\/\/bizios.gr\/#website","url":"https:\/\/bizios.gr\/","name":"Bizios","description":"","publisher":{"@id":"https:\/\/bizios.gr\/#organization"},"potentialAction":[{"@type":"SearchAction","target":{"@type":"EntryPoint","urlTemplate":"https:\/\/bizios.gr\/?s={search_term_string}"},"query-input":{"@type":"PropertyValueSpecification","valueRequired":true,"valueName":"search_term_string"}}],"inLanguage":"de"},{"@type":"Organization","@id":"https:\/\/bizios.gr\/#organization","name":"Bizios","url":"https:\/\/bizios.gr\/","logo":{"@type":"ImageObject","inLanguage":"de","@id":"https:\/\/bizios.gr\/#\/schema\/logo\/image\/","url":"https:\/\/bizios.gr\/wp-content\/uploads\/2022\/11\/Capturebizios.png","contentUrl":"https:\/\/bizios.gr\/wp-content\/uploads\/2022\/11\/Capturebizios.png","width":269,"height":141,"caption":"Bizios"},"image":{"@id":"https:\/\/bizios.gr\/#\/schema\/logo\/image\/"},"sameAs":["https:\/\/www.facebook.com\/Biziosdairy\/","https:\/\/www.instagram.com\/biziosdairy\/"]}]}},"_links":{"self":[{"href":"https:\/\/bizios.gr\/de\/wp-json\/wp\/v2\/pages\/3100","targetHints":{"allow":["GET"]}}],"collection":[{"href":"https:\/\/bizios.gr\/de\/wp-json\/wp\/v2\/pages"}],"about":[{"href":"https:\/\/bizios.gr\/de\/wp-json\/wp\/v2\/types\/page"}],"author":[{"embeddable":true,"href":"https:\/\/bizios.gr\/de\/wp-json\/wp\/v2\/users\/11"}],"replies":[{"embeddable":true,"href":"https:\/\/bizios.gr\/de\/wp-json\/wp\/v2\/comments?post=3100"}],"version-history":[{"count":4,"href":"https:\/\/bizios.gr\/de\/wp-json\/wp\/v2\/pages\/3100\/revisions"}],"predecessor-version":[{"id":3293,"href":"https:\/\/bizios.gr\/de\/wp-json\/wp\/v2\/pages\/3100\/revisions\/3293"}],"up":[{"embeddable":true,"href":"https:\/\/bizios.gr\/de\/wp-json\/wp\/v2\/pages\/3083"}],"wp:attachment":[{"href":"https:\/\/bizios.gr\/de\/wp-json\/wp\/v2\/media?parent=3100"}],"curies":[{"name":"wp","href":"https:\/\/api.w.org\/{rel}","templated":true}]}}