{"id":3104,"date":"2022-04-05T12:30:48","date_gmt":"2022-04-05T09:30:48","guid":{"rendered":"https:\/\/bizios.gr\/ueber-uns\/corporate-social-responsibility\/"},"modified":"2023-01-16T10:54:49","modified_gmt":"2023-01-16T08:54:49","slug":"soziale-verantwortung-der-unternehmen","status":"publish","type":"page","link":"https:\/\/bizios.gr\/de\/ueber-uns\/soziale-verantwortung-der-unternehmen\/","title":{"rendered":"SOZIALE VERANTWORTUNG DER UNTERNEHMEN"},"content":{"rendered":"<div class=\"wpb-content-wrapper\"><p>[vc_row][vc_column width=&#8220;1\/2&#8243; el_class=&#8220;eke-txt&#8220;][vc_column_text]<\/p>\n<h2 class=\"main-title secondary-title\" style=\"margin-bottom: 20px;\">Soziale Verantwortung der Unternehmen<\/h2>\n<p>&nbsp;<\/p>\n<p>Wir alle bei BIZIOS sind uns unserer Verantwortung gegen\u00fcber Ihnen, Ihren und unseren Kindern bewusst! Mit Vision und Strategie, Kontinuit\u00e4t und Konsequenz setzen wir ein umfassendes Corporate Responsibility-Programm um. Die wichtigsten S\u00e4ulen des Programms sind die Unterst\u00fctzung der griechischen Wirtschaft und der Prim\u00e4rproduktion, die Qualit\u00e4t und Sicherheit unserer Produkte, der Schutz der Umwelt und unserer Menschen. Gleichzeitig f\u00fchren wir eine Reihe von sozialen Ma\u00dfnahmen durch, um die grundlegenden Ern\u00e4hrungsbed\u00fcrfnisse unserer Mitmenschen zu decken. Wir werden auch Teil Ihres Alltags und tragen gleichzeitig zur nachhaltigen Entwicklung der Gesellschaft und unseres Landes im Allgemeinen bei.<\/p>\n<p>&nbsp;<\/p>\n<p><strong>Wir unterst\u00fctzen sozial schwache Gruppen und kinderreiche Familien<br \/>\n<\/strong><\/p>\n<p>&nbsp;<\/p>\n<p>Durch Spenden und karitative Initiativen versorgt das Unternehmen BIZIOS sozial schwache Gruppen mit Suppenk\u00fcchen und kinderreiche Familien mit den notwendigen Nahrungsmitteln f\u00fcr eine gesunde Entwicklung ihrer Kinder.<\/p>\n<p>Unser Unternehmen unterst\u00fctzt diese Menschen regelm\u00e4\u00dfig und planm\u00e4\u00dfig, und der Kontakt zu diesen Familien erm\u00f6glicht es uns, die Probleme des t\u00e4glichen Lebens zu beobachten und nach M\u00f6glichkeit L\u00f6sungen anzubieten.<\/p>\n<p>&nbsp;<\/p>\n<p><strong>Wir unterst\u00fctzen die griechische Wirtschaft und die Prim\u00e4rproduktion<br \/>\n<\/strong><\/p>\n<p>&nbsp;<\/p>\n<p>Mit 90 Mitarbeitern und mehr als 500 Partnern vertreiben wir unsere Produkte in ganz Griechenland und tragen durch unser soziales Produkt wesentlich zur Besch\u00e4ftigung und zur griechischen Wirtschaft bei.<\/p>\n<p>&nbsp;<\/p>\n<p>BIZIOS, dessen Geschichte bis ins Jahr 1927 zur\u00fcckreicht, unterst\u00fctzt die griechische Prim\u00e4rproduktion. Das Unternehmen ist der gr\u00f6\u00dfte Abnehmer von Milch griechischer Landwirte, da es 20 % der griechischen Ziegen- und Schafsmilchproduktion in der Region Larisa abnimmt.<\/p>\n<p>&nbsp;<\/p>\n<p>Wir arbeiten mit Landwirten zusammen, zu denen wir langfristige, vertrauensvolle Beziehungen aufgebaut haben, und tragen so zur nachhaltigen Entwicklung der Milchwirtschaft in unserem Land bei.<\/p>\n<p>&nbsp;<\/p>\n<p>[\/vc_column_text][\/vc_column][vc_column width=&#8220;1\/2&#8243;][vc_single_image image=&#8220;2974&#8243; img_size=&#8220;full&#8220; alignment=&#8220;right&#8220;][\/vc_column][\/vc_row]<\/p>\n<\/div>","protected":false},"excerpt":{"rendered":"<p>[vc_row][vc_column width=&#8220;1\/2&#8243; el_class=&#8220;eke-txt&#8220;][vc_column_text] Soziale Verantwortung der Unternehmen &nbsp; Wir alle bei BIZIOS sind uns unserer Verantwortung gegen\u00fcber Ihnen, Ihren und unseren Kindern bewusst! Mit Vision und Strategie, Kontinuit\u00e4t und Konsequenz setzen wir ein umfassendes Corporate Responsibility-Programm um. Die wichtigsten S\u00e4ulen des Programms sind die Unterst\u00fctzung der griechischen Wirtschaft und der Prim\u00e4rproduktion, die Qualit\u00e4t und Sicherheit [&hellip;]<\/p>\n","protected":false},"author":11,"featured_media":0,"parent":3083,"menu_order":23,"comment_status":"closed","ping_status":"closed","template":"template-page-with-children-menu.php","meta":{"_acf_changed":false,"inline_featured_image":false,"footnotes":""},"class_list":["post-3104","page","type-page","status-publish","hentry"],"acf":[],"yoast_head":"<!-- This site is optimized with the Yoast SEO plugin v27.4 - https:\/\/yoast.com\/product\/yoast-seo-wordpress\/ -->\n<title>SOZIALE VERANTWORTUNG DER UNTERNEHMEN - Bizios<\/title>\n<meta name=\"description\" content=\"Our main values are the support of the Greek economy, the quality and safety of the products, the protection of the environment and our people\" \/>\n<meta name=\"robots\" content=\"index, follow, max-snippet:-1, max-image-preview:large, max-video-preview:-1\" \/>\n<link rel=\"canonical\" href=\"https:\/\/bizios.gr\/de\/ueber-uns\/soziale-verantwortung-der-unternehmen\/\" \/>\n<meta property=\"og:locale\" content=\"de_DE\" \/>\n<meta property=\"og:type\" content=\"article\" \/>\n<meta property=\"og:title\" content=\"SOZIALE VERANTWORTUNG DER UNTERNEHMEN - Bizios\" \/>\n<meta property=\"og:description\" content=\"Our main values are the support of the Greek economy, the quality and safety of the products, the protection of the environment and our people\" \/>\n<meta property=\"og:url\" content=\"https:\/\/bizios.gr\/de\/ueber-uns\/soziale-verantwortung-der-unternehmen\/\" \/>\n<meta property=\"og:site_name\" content=\"Bizios\" \/>\n<meta property=\"article:publisher\" content=\"https:\/\/www.facebook.com\/Biziosdairy\/\" \/>\n<meta property=\"article:modified_time\" content=\"2023-01-16T08:54:49+00:00\" \/>\n<meta name=\"twitter:card\" content=\"summary_large_image\" \/>\n<meta name=\"twitter:label1\" content=\"Gesch\u00e4tzte Lesezeit\" \/>\n\t<meta name=\"twitter:data1\" content=\"2\u00a0Minuten\" \/>\n<script type=\"application\/ld+json\" class=\"yoast-schema-graph\">{\"@context\":\"https:\\\/\\\/schema.org\",\"@graph\":[{\"@type\":\"WebPage\",\"@id\":\"https:\\\/\\\/bizios.gr\\\/de\\\/ueber-uns\\\/soziale-verantwortung-der-unternehmen\\\/\",\"url\":\"https:\\\/\\\/bizios.gr\\\/de\\\/ueber-uns\\\/soziale-verantwortung-der-unternehmen\\\/\",\"name\":\"SOZIALE VERANTWORTUNG DER UNTERNEHMEN - Bizios\",\"isPartOf\":{\"@id\":\"https:\\\/\\\/bizios.gr\\\/#website\"},\"datePublished\":\"2022-04-05T09:30:48+00:00\",\"dateModified\":\"2023-01-16T08:54:49+00:00\",\"description\":\"Our main values are the support of the Greek economy, the quality and safety of the products, the protection of the environment and our people\",\"breadcrumb\":{\"@id\":\"https:\\\/\\\/bizios.gr\\\/de\\\/ueber-uns\\\/soziale-verantwortung-der-unternehmen\\\/#breadcrumb\"},\"inLanguage\":\"de\",\"potentialAction\":[{\"@type\":\"ReadAction\",\"target\":[\"https:\\\/\\\/bizios.gr\\\/de\\\/ueber-uns\\\/soziale-verantwortung-der-unternehmen\\\/\"]}]},{\"@type\":\"BreadcrumbList\",\"@id\":\"https:\\\/\\\/bizios.gr\\\/de\\\/ueber-uns\\\/soziale-verantwortung-der-unternehmen\\\/#breadcrumb\",\"itemListElement\":[{\"@type\":\"ListItem\",\"position\":1,\"name\":\"\u0391\u03c1\u03c7\u03b9\u03ba\u03ae\",\"item\":\"https:\\\/\\\/bizios.gr\\\/de\\\/\"},{\"@type\":\"ListItem\",\"position\":2,\"name\":\"\u00dcBER UNS\",\"item\":\"https:\\\/\\\/bizios.gr\\\/de\\\/ueber-uns\\\/\"},{\"@type\":\"ListItem\",\"position\":3,\"name\":\"SOZIALE VERANTWORTUNG DER UNTERNEHMEN\"}]},{\"@type\":\"WebSite\",\"@id\":\"https:\\\/\\\/bizios.gr\\\/#website\",\"url\":\"https:\\\/\\\/bizios.gr\\\/\",\"name\":\"Bizios\",\"description\":\"\",\"publisher\":{\"@id\":\"https:\\\/\\\/bizios.gr\\\/#organization\"},\"potentialAction\":[{\"@type\":\"SearchAction\",\"target\":{\"@type\":\"EntryPoint\",\"urlTemplate\":\"https:\\\/\\\/bizios.gr\\\/?s={search_term_string}\"},\"query-input\":{\"@type\":\"PropertyValueSpecification\",\"valueRequired\":true,\"valueName\":\"search_term_string\"}}],\"inLanguage\":\"de\"},{\"@type\":\"Organization\",\"@id\":\"https:\\\/\\\/bizios.gr\\\/#organization\",\"name\":\"Bizios\",\"url\":\"https:\\\/\\\/bizios.gr\\\/\",\"logo\":{\"@type\":\"ImageObject\",\"inLanguage\":\"de\",\"@id\":\"https:\\\/\\\/bizios.gr\\\/#\\\/schema\\\/logo\\\/image\\\/\",\"url\":\"https:\\\/\\\/bizios.gr\\\/wp-content\\\/uploads\\\/2022\\\/11\\\/Capturebizios.png\",\"contentUrl\":\"https:\\\/\\\/bizios.gr\\\/wp-content\\\/uploads\\\/2022\\\/11\\\/Capturebizios.png\",\"width\":269,\"height\":141,\"caption\":\"Bizios\"},\"image\":{\"@id\":\"https:\\\/\\\/bizios.gr\\\/#\\\/schema\\\/logo\\\/image\\\/\"},\"sameAs\":[\"https:\\\/\\\/www.facebook.com\\\/Biziosdairy\\\/\",\"https:\\\/\\\/www.instagram.com\\\/biziosdairy\\\/\"]}]}<\/script>\n<!-- \/ Yoast SEO plugin. -->","yoast_head_json":{"title":"SOZIALE VERANTWORTUNG DER UNTERNEHMEN - Bizios","description":"Our main values are the support of the Greek economy, the quality and safety of the products, the protection of the environment and our people","robots":{"index":"index","follow":"follow","max-snippet":"max-snippet:-1","max-image-preview":"max-image-preview:large","max-video-preview":"max-video-preview:-1"},"canonical":"https:\/\/bizios.gr\/de\/ueber-uns\/soziale-verantwortung-der-unternehmen\/","og_locale":"de_DE","og_type":"article","og_title":"SOZIALE VERANTWORTUNG DER UNTERNEHMEN - Bizios","og_description":"Our main values are the support of the Greek economy, the quality and safety of the products, the protection of the environment and our people","og_url":"https:\/\/bizios.gr\/de\/ueber-uns\/soziale-verantwortung-der-unternehmen\/","og_site_name":"Bizios","article_publisher":"https:\/\/www.facebook.com\/Biziosdairy\/","article_modified_time":"2023-01-16T08:54:49+00:00","twitter_card":"summary_large_image","twitter_misc":{"Gesch\u00e4tzte Lesezeit":"2\u00a0Minuten"},"schema":{"@context":"https:\/\/schema.org","@graph":[{"@type":"WebPage","@id":"https:\/\/bizios.gr\/de\/ueber-uns\/soziale-verantwortung-der-unternehmen\/","url":"https:\/\/bizios.gr\/de\/ueber-uns\/soziale-verantwortung-der-unternehmen\/","name":"SOZIALE VERANTWORTUNG DER UNTERNEHMEN - Bizios","isPartOf":{"@id":"https:\/\/bizios.gr\/#website"},"datePublished":"2022-04-05T09:30:48+00:00","dateModified":"2023-01-16T08:54:49+00:00","description":"Our main values are the support of the Greek economy, the quality and safety of the products, the protection of the environment and our people","breadcrumb":{"@id":"https:\/\/bizios.gr\/de\/ueber-uns\/soziale-verantwortung-der-unternehmen\/#breadcrumb"},"inLanguage":"de","potentialAction":[{"@type":"ReadAction","target":["https:\/\/bizios.gr\/de\/ueber-uns\/soziale-verantwortung-der-unternehmen\/"]}]},{"@type":"BreadcrumbList","@id":"https:\/\/bizios.gr\/de\/ueber-uns\/soziale-verantwortung-der-unternehmen\/#breadcrumb","itemListElement":[{"@type":"ListItem","position":1,"name":"\u0391\u03c1\u03c7\u03b9\u03ba\u03ae","item":"https:\/\/bizios.gr\/de\/"},{"@type":"ListItem","position":2,"name":"\u00dcBER UNS","item":"https:\/\/bizios.gr\/de\/ueber-uns\/"},{"@type":"ListItem","position":3,"name":"SOZIALE VERANTWORTUNG DER UNTERNEHMEN"}]},{"@type":"WebSite","@id":"https:\/\/bizios.gr\/#website","url":"https:\/\/bizios.gr\/","name":"Bizios","description":"","publisher":{"@id":"https:\/\/bizios.gr\/#organization"},"potentialAction":[{"@type":"SearchAction","target":{"@type":"EntryPoint","urlTemplate":"https:\/\/bizios.gr\/?s={search_term_string}"},"query-input":{"@type":"PropertyValueSpecification","valueRequired":true,"valueName":"search_term_string"}}],"inLanguage":"de"},{"@type":"Organization","@id":"https:\/\/bizios.gr\/#organization","name":"Bizios","url":"https:\/\/bizios.gr\/","logo":{"@type":"ImageObject","inLanguage":"de","@id":"https:\/\/bizios.gr\/#\/schema\/logo\/image\/","url":"https:\/\/bizios.gr\/wp-content\/uploads\/2022\/11\/Capturebizios.png","contentUrl":"https:\/\/bizios.gr\/wp-content\/uploads\/2022\/11\/Capturebizios.png","width":269,"height":141,"caption":"Bizios"},"image":{"@id":"https:\/\/bizios.gr\/#\/schema\/logo\/image\/"},"sameAs":["https:\/\/www.facebook.com\/Biziosdairy\/","https:\/\/www.instagram.com\/biziosdairy\/"]}]}},"_links":{"self":[{"href":"https:\/\/bizios.gr\/de\/wp-json\/wp\/v2\/pages\/3104","targetHints":{"allow":["GET"]}}],"collection":[{"href":"https:\/\/bizios.gr\/de\/wp-json\/wp\/v2\/pages"}],"about":[{"href":"https:\/\/bizios.gr\/de\/wp-json\/wp\/v2\/types\/page"}],"author":[{"embeddable":true,"href":"https:\/\/bizios.gr\/de\/wp-json\/wp\/v2\/users\/11"}],"replies":[{"embeddable":true,"href":"https:\/\/bizios.gr\/de\/wp-json\/wp\/v2\/comments?post=3104"}],"version-history":[{"count":3,"href":"https:\/\/bizios.gr\/de\/wp-json\/wp\/v2\/pages\/3104\/revisions"}],"predecessor-version":[{"id":3107,"href":"https:\/\/bizios.gr\/de\/wp-json\/wp\/v2\/pages\/3104\/revisions\/3107"}],"up":[{"embeddable":true,"href":"https:\/\/bizios.gr\/de\/wp-json\/wp\/v2\/pages\/3083"}],"wp:attachment":[{"href":"https:\/\/bizios.gr\/de\/wp-json\/wp\/v2\/media?parent=3104"}],"curies":[{"name":"wp","href":"https:\/\/api.w.org\/{rel}","templated":true}]}}