{"id":3108,"date":"2022-07-21T11:23:59","date_gmt":"2022-07-21T08:23:59","guid":{"rendered":"https:\/\/bizios.gr\/ueber-uns\/environment\/"},"modified":"2023-01-16T10:57:19","modified_gmt":"2023-01-16T08:57:19","slug":"umwelt","status":"publish","type":"page","link":"https:\/\/bizios.gr\/de\/ueber-uns\/umwelt\/","title":{"rendered":"UMWELT"},"content":{"rendered":"<div class=\"wpb-content-wrapper\"><p>[vc_row el_class=&#8220;row-reverse-on-mobile&#8220;][vc_column width=&#8220;1\/2&#8243; el_class=&#8220;eke-txt&#8220;][vc_column_text]<\/p>\n<h2 class=\"main-title secondary-title\" style=\"margin-bottom: 20px;\">Umwelt<\/h2>\n<p>&nbsp;<\/p>\n<p>Der Schutz der Umwelt hat f\u00fcr uns bei BIZIOS Priorit\u00e4t und wird durch integrierte Managementsysteme unter Beteiligung aller Mitarbeiter umgesetzt. Als Unternehmen haben wir eine Umweltpolitik eingef\u00fchrt, nach der wir bei all unseren Aktivit\u00e4ten die strengsten Regeln und Standards in Bezug auf den Umweltschutz einhalten, um unseren \u00f6kologischen Fu\u00dfabdruck zu verringern.<\/p>\n<p>&nbsp;<\/p>\n<p>Wir setzen Initiativen zur Senkung des Stromverbrauchs und zur R\u00fcckgewinnung von W\u00e4rmeenergie, zur Begrenzung des Wasser- und Plastikverbrauchs und zur Abwasserbehandlung (biologische Reinigung) um.<\/p>\n<p>&nbsp;<\/p>\n<p>Eine wichtige Priorit\u00e4t ist die kontinuierliche Verringerung der Umweltauswirkungen unserer Produkte. Um dieses Ziel zu erreichen, verwenden wir die kleinstm\u00f6gliche Menge an Verpackungsmaterial, insbesondere Kunststoff, und achten dabei stets auf die Qualit\u00e4t und Sicherheit des Produkts. Gleichzeitig erh\u00f6hen wir kontinuierlich den Anteil an recycelten Materialien in unseren Verpackungen (Recyclingpapier und Recyclingkunststoff rPet), wobei wir vorrangig Papierverpackungen von FSC-zertifizierten Lieferanten verwenden.[\/vc_column_text][\/vc_column][vc_column width=&#8220;1\/2&#8243;][vc_single_image image=&#8220;2978&#8243; img_size=&#8220;full&#8220; alignment=&#8220;right&#8220;][\/vc_column][\/vc_row][vc_row][vc_column][vc_separator border_width=&#8220;2&#8243;][\/vc_column][\/vc_row]<\/p>\n<\/div>","protected":false},"excerpt":{"rendered":"<p>[vc_row el_class=&#8220;row-reverse-on-mobile&#8220;][vc_column width=&#8220;1\/2&#8243; el_class=&#8220;eke-txt&#8220;][vc_column_text] Umwelt &nbsp; Der Schutz der Umwelt hat f\u00fcr uns bei BIZIOS Priorit\u00e4t und wird durch integrierte Managementsysteme unter Beteiligung aller Mitarbeiter umgesetzt. Als Unternehmen haben wir eine Umweltpolitik eingef\u00fchrt, nach der wir bei all unseren Aktivit\u00e4ten die strengsten Regeln und Standards in Bezug auf den Umweltschutz einhalten, um unseren \u00f6kologischen Fu\u00dfabdruck [&hellip;]<\/p>\n","protected":false},"author":11,"featured_media":0,"parent":3083,"menu_order":24,"comment_status":"closed","ping_status":"closed","template":"template-page-with-children-menu.php","meta":{"_acf_changed":false,"inline_featured_image":false,"footnotes":""},"class_list":["post-3108","page","type-page","status-publish","hentry"],"acf":[],"yoast_head":"<!-- This site is optimized with the Yoast SEO plugin v27.4 - https:\/\/yoast.com\/product\/yoast-seo-wordpress\/ -->\n<title>UMWELT - Bizios<\/title>\n<meta name=\"description\" content=\"The protection of the environment is a main concern of ours and is implemented through integrated systems, with the contribution of all employees\" \/>\n<meta name=\"robots\" content=\"index, follow, max-snippet:-1, max-image-preview:large, max-video-preview:-1\" \/>\n<link rel=\"canonical\" href=\"https:\/\/bizios.gr\/de\/ueber-uns\/umwelt\/\" \/>\n<meta property=\"og:locale\" content=\"de_DE\" \/>\n<meta property=\"og:type\" content=\"article\" \/>\n<meta property=\"og:title\" content=\"UMWELT - Bizios\" \/>\n<meta property=\"og:description\" content=\"The protection of the environment is a main concern of ours and is implemented through integrated systems, with the contribution of all employees\" \/>\n<meta property=\"og:url\" content=\"https:\/\/bizios.gr\/de\/ueber-uns\/umwelt\/\" \/>\n<meta property=\"og:site_name\" content=\"Bizios\" \/>\n<meta property=\"article:publisher\" content=\"https:\/\/www.facebook.com\/Biziosdairy\/\" \/>\n<meta property=\"article:modified_time\" content=\"2023-01-16T08:57:19+00:00\" \/>\n<meta name=\"twitter:card\" content=\"summary_large_image\" \/>\n<meta name=\"twitter:label1\" content=\"Gesch\u00e4tzte Lesezeit\" \/>\n\t<meta name=\"twitter:data1\" content=\"1\u00a0Minute\" \/>\n<script type=\"application\/ld+json\" class=\"yoast-schema-graph\">{\"@context\":\"https:\\\/\\\/schema.org\",\"@graph\":[{\"@type\":\"WebPage\",\"@id\":\"https:\\\/\\\/bizios.gr\\\/de\\\/ueber-uns\\\/umwelt\\\/\",\"url\":\"https:\\\/\\\/bizios.gr\\\/de\\\/ueber-uns\\\/umwelt\\\/\",\"name\":\"UMWELT - Bizios\",\"isPartOf\":{\"@id\":\"https:\\\/\\\/bizios.gr\\\/#website\"},\"datePublished\":\"2022-07-21T08:23:59+00:00\",\"dateModified\":\"2023-01-16T08:57:19+00:00\",\"description\":\"The protection of the environment is a main concern of ours and is implemented through integrated systems, with the contribution of all employees\",\"breadcrumb\":{\"@id\":\"https:\\\/\\\/bizios.gr\\\/de\\\/ueber-uns\\\/umwelt\\\/#breadcrumb\"},\"inLanguage\":\"de\",\"potentialAction\":[{\"@type\":\"ReadAction\",\"target\":[\"https:\\\/\\\/bizios.gr\\\/de\\\/ueber-uns\\\/umwelt\\\/\"]}]},{\"@type\":\"BreadcrumbList\",\"@id\":\"https:\\\/\\\/bizios.gr\\\/de\\\/ueber-uns\\\/umwelt\\\/#breadcrumb\",\"itemListElement\":[{\"@type\":\"ListItem\",\"position\":1,\"name\":\"\u0391\u03c1\u03c7\u03b9\u03ba\u03ae\",\"item\":\"https:\\\/\\\/bizios.gr\\\/de\\\/\"},{\"@type\":\"ListItem\",\"position\":2,\"name\":\"\u00dcBER UNS\",\"item\":\"https:\\\/\\\/bizios.gr\\\/de\\\/ueber-uns\\\/\"},{\"@type\":\"ListItem\",\"position\":3,\"name\":\"UMWELT\"}]},{\"@type\":\"WebSite\",\"@id\":\"https:\\\/\\\/bizios.gr\\\/#website\",\"url\":\"https:\\\/\\\/bizios.gr\\\/\",\"name\":\"Bizios\",\"description\":\"\",\"publisher\":{\"@id\":\"https:\\\/\\\/bizios.gr\\\/#organization\"},\"potentialAction\":[{\"@type\":\"SearchAction\",\"target\":{\"@type\":\"EntryPoint\",\"urlTemplate\":\"https:\\\/\\\/bizios.gr\\\/?s={search_term_string}\"},\"query-input\":{\"@type\":\"PropertyValueSpecification\",\"valueRequired\":true,\"valueName\":\"search_term_string\"}}],\"inLanguage\":\"de\"},{\"@type\":\"Organization\",\"@id\":\"https:\\\/\\\/bizios.gr\\\/#organization\",\"name\":\"Bizios\",\"url\":\"https:\\\/\\\/bizios.gr\\\/\",\"logo\":{\"@type\":\"ImageObject\",\"inLanguage\":\"de\",\"@id\":\"https:\\\/\\\/bizios.gr\\\/#\\\/schema\\\/logo\\\/image\\\/\",\"url\":\"https:\\\/\\\/bizios.gr\\\/wp-content\\\/uploads\\\/2022\\\/11\\\/Capturebizios.png\",\"contentUrl\":\"https:\\\/\\\/bizios.gr\\\/wp-content\\\/uploads\\\/2022\\\/11\\\/Capturebizios.png\",\"width\":269,\"height\":141,\"caption\":\"Bizios\"},\"image\":{\"@id\":\"https:\\\/\\\/bizios.gr\\\/#\\\/schema\\\/logo\\\/image\\\/\"},\"sameAs\":[\"https:\\\/\\\/www.facebook.com\\\/Biziosdairy\\\/\",\"https:\\\/\\\/www.instagram.com\\\/biziosdairy\\\/\"]}]}<\/script>\n<!-- \/ Yoast SEO plugin. -->","yoast_head_json":{"title":"UMWELT - Bizios","description":"The protection of the environment is a main concern of ours and is implemented through integrated systems, with the contribution of all employees","robots":{"index":"index","follow":"follow","max-snippet":"max-snippet:-1","max-image-preview":"max-image-preview:large","max-video-preview":"max-video-preview:-1"},"canonical":"https:\/\/bizios.gr\/de\/ueber-uns\/umwelt\/","og_locale":"de_DE","og_type":"article","og_title":"UMWELT - Bizios","og_description":"The protection of the environment is a main concern of ours and is implemented through integrated systems, with the contribution of all employees","og_url":"https:\/\/bizios.gr\/de\/ueber-uns\/umwelt\/","og_site_name":"Bizios","article_publisher":"https:\/\/www.facebook.com\/Biziosdairy\/","article_modified_time":"2023-01-16T08:57:19+00:00","twitter_card":"summary_large_image","twitter_misc":{"Gesch\u00e4tzte Lesezeit":"1\u00a0Minute"},"schema":{"@context":"https:\/\/schema.org","@graph":[{"@type":"WebPage","@id":"https:\/\/bizios.gr\/de\/ueber-uns\/umwelt\/","url":"https:\/\/bizios.gr\/de\/ueber-uns\/umwelt\/","name":"UMWELT - Bizios","isPartOf":{"@id":"https:\/\/bizios.gr\/#website"},"datePublished":"2022-07-21T08:23:59+00:00","dateModified":"2023-01-16T08:57:19+00:00","description":"The protection of the environment is a main concern of ours and is implemented through integrated systems, with the contribution of all employees","breadcrumb":{"@id":"https:\/\/bizios.gr\/de\/ueber-uns\/umwelt\/#breadcrumb"},"inLanguage":"de","potentialAction":[{"@type":"ReadAction","target":["https:\/\/bizios.gr\/de\/ueber-uns\/umwelt\/"]}]},{"@type":"BreadcrumbList","@id":"https:\/\/bizios.gr\/de\/ueber-uns\/umwelt\/#breadcrumb","itemListElement":[{"@type":"ListItem","position":1,"name":"\u0391\u03c1\u03c7\u03b9\u03ba\u03ae","item":"https:\/\/bizios.gr\/de\/"},{"@type":"ListItem","position":2,"name":"\u00dcBER UNS","item":"https:\/\/bizios.gr\/de\/ueber-uns\/"},{"@type":"ListItem","position":3,"name":"UMWELT"}]},{"@type":"WebSite","@id":"https:\/\/bizios.gr\/#website","url":"https:\/\/bizios.gr\/","name":"Bizios","description":"","publisher":{"@id":"https:\/\/bizios.gr\/#organization"},"potentialAction":[{"@type":"SearchAction","target":{"@type":"EntryPoint","urlTemplate":"https:\/\/bizios.gr\/?s={search_term_string}"},"query-input":{"@type":"PropertyValueSpecification","valueRequired":true,"valueName":"search_term_string"}}],"inLanguage":"de"},{"@type":"Organization","@id":"https:\/\/bizios.gr\/#organization","name":"Bizios","url":"https:\/\/bizios.gr\/","logo":{"@type":"ImageObject","inLanguage":"de","@id":"https:\/\/bizios.gr\/#\/schema\/logo\/image\/","url":"https:\/\/bizios.gr\/wp-content\/uploads\/2022\/11\/Capturebizios.png","contentUrl":"https:\/\/bizios.gr\/wp-content\/uploads\/2022\/11\/Capturebizios.png","width":269,"height":141,"caption":"Bizios"},"image":{"@id":"https:\/\/bizios.gr\/#\/schema\/logo\/image\/"},"sameAs":["https:\/\/www.facebook.com\/Biziosdairy\/","https:\/\/www.instagram.com\/biziosdairy\/"]}]}},"_links":{"self":[{"href":"https:\/\/bizios.gr\/de\/wp-json\/wp\/v2\/pages\/3108","targetHints":{"allow":["GET"]}}],"collection":[{"href":"https:\/\/bizios.gr\/de\/wp-json\/wp\/v2\/pages"}],"about":[{"href":"https:\/\/bizios.gr\/de\/wp-json\/wp\/v2\/types\/page"}],"author":[{"embeddable":true,"href":"https:\/\/bizios.gr\/de\/wp-json\/wp\/v2\/users\/11"}],"replies":[{"embeddable":true,"href":"https:\/\/bizios.gr\/de\/wp-json\/wp\/v2\/comments?post=3108"}],"version-history":[{"count":3,"href":"https:\/\/bizios.gr\/de\/wp-json\/wp\/v2\/pages\/3108\/revisions"}],"predecessor-version":[{"id":3111,"href":"https:\/\/bizios.gr\/de\/wp-json\/wp\/v2\/pages\/3108\/revisions\/3111"}],"up":[{"embeddable":true,"href":"https:\/\/bizios.gr\/de\/wp-json\/wp\/v2\/pages\/3083"}],"wp:attachment":[{"href":"https:\/\/bizios.gr\/de\/wp-json\/wp\/v2\/media?parent=3108"}],"curies":[{"name":"wp","href":"https:\/\/api.w.org\/{rel}","templated":true}]}}