{"id":3112,"date":"2022-07-21T11:21:06","date_gmt":"2022-07-21T08:21:06","guid":{"rendered":"https:\/\/bizios.gr\/ueber-uns\/quality-and-safety\/"},"modified":"2023-04-12T17:14:32","modified_gmt":"2023-04-12T14:14:32","slug":"qualitat-amp-sicherheit","status":"publish","type":"page","link":"https:\/\/bizios.gr\/de\/ueber-uns\/qualitat-amp-sicherheit\/","title":{"rendered":"QUALIT\u00c4T &#038; SICHERHEIT"},"content":{"rendered":"<div class=\"wpb-content-wrapper\"><p>[vc_row][vc_column width=&#8220;1\/2&#8243;][vc_column_text]<\/p>\n<h2 class=\"main-title secondary-title\" style=\"margin-bottom: 20px;\">Qualit\u00e4t &amp; Sicherheit<\/h2>\n<p><strong>\u00a0<\/strong><\/p>\n<p>Die Qualit\u00e4t und Sicherheit unserer Produkte steht f\u00fcr uns an erster Stelle. In diesem Zusammenhang wenden wir ein fortschrittliches Qualit\u00e4tsmanagementsystem f\u00fcr alle von uns hergestellten Produkte an, wobei wir die strengsten Regeln und Spezifikationen in Bezug auf die Auswahl der Rohstoffe, die Ausr\u00fcstung, die Anlagen, die Produktion, die Qualit\u00e4tskontrolle und den Vertrieb einhalten und umsetzen, wie sie in der europ\u00e4ischen und nationalen Gesetzgebung und den einschl\u00e4gigen Qualit\u00e4tsmanagementnormen festgelegt sind. Wir investieren kontinuierlich in modernste Ger\u00e4te und Systeme. Im Einzelnen setzen wir folgende Qualit\u00e4ts- und Sicherheitsmanagementsysteme ein: ISO 22000:2018, ISO 9001:2015, BRC, IFS, HALAL<br \/>\n[\/vc_column_text][vc_row_inner][vc_column_inner][vc_single_image image=&#8220;3331&#8243; img_size=&#8220;full&#8220;][\/vc_column_inner][\/vc_row_inner][\/vc_column][vc_column width=&#8220;1\/2&#8243;][vc_single_image image=&#8220;2981&#8243; img_size=&#8220;full&#8220; alignment=&#8220;right&#8220;][\/vc_column][\/vc_row]<\/p>\n<\/div>","protected":false},"excerpt":{"rendered":"<p>[vc_row][vc_column width=&#8220;1\/2&#8243;][vc_column_text] Qualit\u00e4t &amp; Sicherheit \u00a0 Die Qualit\u00e4t und Sicherheit unserer Produkte steht f\u00fcr uns an erster Stelle. In diesem Zusammenhang wenden wir ein fortschrittliches Qualit\u00e4tsmanagementsystem f\u00fcr alle von uns hergestellten Produkte an, wobei wir die strengsten Regeln und Spezifikationen in Bezug auf die Auswahl der Rohstoffe, die Ausr\u00fcstung, die Anlagen, die Produktion, die Qualit\u00e4tskontrolle [&hellip;]<\/p>\n","protected":false},"author":11,"featured_media":0,"parent":3083,"menu_order":25,"comment_status":"closed","ping_status":"closed","template":"template-page-with-children-menu.php","meta":{"_acf_changed":false,"inline_featured_image":false,"footnotes":""},"class_list":["post-3112","page","type-page","status-publish","hentry"],"acf":[],"yoast_head":"<!-- This site is optimized with the Yoast SEO plugin v27.4 - https:\/\/yoast.com\/product\/yoast-seo-wordpress\/ -->\n<title>QUALIT\u00c4T &amp; SICHERHEIT - Bizios<\/title>\n<meta name=\"description\" content=\"The quality &amp; safety of our products is a non-negotiable value for us. The choice of materials is made according to the strictest rules.\" \/>\n<meta name=\"robots\" content=\"index, follow, max-snippet:-1, max-image-preview:large, max-video-preview:-1\" \/>\n<link rel=\"canonical\" href=\"https:\/\/bizios.gr\/de\/ueber-uns\/qualitat-amp-sicherheit\/\" \/>\n<meta property=\"og:locale\" content=\"de_DE\" \/>\n<meta property=\"og:type\" content=\"article\" \/>\n<meta property=\"og:title\" content=\"QUALIT\u00c4T &amp; SICHERHEIT - Bizios\" \/>\n<meta property=\"og:description\" content=\"The quality &amp; safety of our products is a non-negotiable value for us. The choice of materials is made according to the strictest rules.\" \/>\n<meta property=\"og:url\" content=\"https:\/\/bizios.gr\/de\/ueber-uns\/qualitat-amp-sicherheit\/\" \/>\n<meta property=\"og:site_name\" content=\"Bizios\" \/>\n<meta property=\"article:publisher\" content=\"https:\/\/www.facebook.com\/Biziosdairy\/\" \/>\n<meta property=\"article:modified_time\" content=\"2023-04-12T14:14:32+00:00\" \/>\n<meta name=\"twitter:card\" content=\"summary_large_image\" \/>\n<meta name=\"twitter:label1\" content=\"Gesch\u00e4tzte Lesezeit\" \/>\n\t<meta name=\"twitter:data1\" content=\"1\u00a0Minute\" \/>\n<script type=\"application\/ld+json\" class=\"yoast-schema-graph\">{\"@context\":\"https:\\\/\\\/schema.org\",\"@graph\":[{\"@type\":\"WebPage\",\"@id\":\"https:\\\/\\\/bizios.gr\\\/de\\\/ueber-uns\\\/qualitat-amp-sicherheit\\\/\",\"url\":\"https:\\\/\\\/bizios.gr\\\/de\\\/ueber-uns\\\/qualitat-amp-sicherheit\\\/\",\"name\":\"QUALIT\u00c4T & SICHERHEIT - Bizios\",\"isPartOf\":{\"@id\":\"https:\\\/\\\/bizios.gr\\\/#website\"},\"datePublished\":\"2022-07-21T08:21:06+00:00\",\"dateModified\":\"2023-04-12T14:14:32+00:00\",\"description\":\"The quality & safety of our products is a non-negotiable value for us. The choice of materials is made according to the strictest rules.\",\"breadcrumb\":{\"@id\":\"https:\\\/\\\/bizios.gr\\\/de\\\/ueber-uns\\\/qualitat-amp-sicherheit\\\/#breadcrumb\"},\"inLanguage\":\"de\",\"potentialAction\":[{\"@type\":\"ReadAction\",\"target\":[\"https:\\\/\\\/bizios.gr\\\/de\\\/ueber-uns\\\/qualitat-amp-sicherheit\\\/\"]}]},{\"@type\":\"BreadcrumbList\",\"@id\":\"https:\\\/\\\/bizios.gr\\\/de\\\/ueber-uns\\\/qualitat-amp-sicherheit\\\/#breadcrumb\",\"itemListElement\":[{\"@type\":\"ListItem\",\"position\":1,\"name\":\"\u0391\u03c1\u03c7\u03b9\u03ba\u03ae\",\"item\":\"https:\\\/\\\/bizios.gr\\\/de\\\/\"},{\"@type\":\"ListItem\",\"position\":2,\"name\":\"\u00dcBER UNS\",\"item\":\"https:\\\/\\\/bizios.gr\\\/de\\\/ueber-uns\\\/\"},{\"@type\":\"ListItem\",\"position\":3,\"name\":\"QUALIT\u00c4T &#038; SICHERHEIT\"}]},{\"@type\":\"WebSite\",\"@id\":\"https:\\\/\\\/bizios.gr\\\/#website\",\"url\":\"https:\\\/\\\/bizios.gr\\\/\",\"name\":\"Bizios\",\"description\":\"\",\"publisher\":{\"@id\":\"https:\\\/\\\/bizios.gr\\\/#organization\"},\"potentialAction\":[{\"@type\":\"SearchAction\",\"target\":{\"@type\":\"EntryPoint\",\"urlTemplate\":\"https:\\\/\\\/bizios.gr\\\/?s={search_term_string}\"},\"query-input\":{\"@type\":\"PropertyValueSpecification\",\"valueRequired\":true,\"valueName\":\"search_term_string\"}}],\"inLanguage\":\"de\"},{\"@type\":\"Organization\",\"@id\":\"https:\\\/\\\/bizios.gr\\\/#organization\",\"name\":\"Bizios\",\"url\":\"https:\\\/\\\/bizios.gr\\\/\",\"logo\":{\"@type\":\"ImageObject\",\"inLanguage\":\"de\",\"@id\":\"https:\\\/\\\/bizios.gr\\\/#\\\/schema\\\/logo\\\/image\\\/\",\"url\":\"https:\\\/\\\/bizios.gr\\\/wp-content\\\/uploads\\\/2022\\\/11\\\/Capturebizios.png\",\"contentUrl\":\"https:\\\/\\\/bizios.gr\\\/wp-content\\\/uploads\\\/2022\\\/11\\\/Capturebizios.png\",\"width\":269,\"height\":141,\"caption\":\"Bizios\"},\"image\":{\"@id\":\"https:\\\/\\\/bizios.gr\\\/#\\\/schema\\\/logo\\\/image\\\/\"},\"sameAs\":[\"https:\\\/\\\/www.facebook.com\\\/Biziosdairy\\\/\",\"https:\\\/\\\/www.instagram.com\\\/biziosdairy\\\/\"]}]}<\/script>\n<!-- \/ Yoast SEO plugin. -->","yoast_head_json":{"title":"QUALIT\u00c4T & SICHERHEIT - Bizios","description":"The quality & safety of our products is a non-negotiable value for us. The choice of materials is made according to the strictest rules.","robots":{"index":"index","follow":"follow","max-snippet":"max-snippet:-1","max-image-preview":"max-image-preview:large","max-video-preview":"max-video-preview:-1"},"canonical":"https:\/\/bizios.gr\/de\/ueber-uns\/qualitat-amp-sicherheit\/","og_locale":"de_DE","og_type":"article","og_title":"QUALIT\u00c4T & SICHERHEIT - Bizios","og_description":"The quality & safety of our products is a non-negotiable value for us. The choice of materials is made according to the strictest rules.","og_url":"https:\/\/bizios.gr\/de\/ueber-uns\/qualitat-amp-sicherheit\/","og_site_name":"Bizios","article_publisher":"https:\/\/www.facebook.com\/Biziosdairy\/","article_modified_time":"2023-04-12T14:14:32+00:00","twitter_card":"summary_large_image","twitter_misc":{"Gesch\u00e4tzte Lesezeit":"1\u00a0Minute"},"schema":{"@context":"https:\/\/schema.org","@graph":[{"@type":"WebPage","@id":"https:\/\/bizios.gr\/de\/ueber-uns\/qualitat-amp-sicherheit\/","url":"https:\/\/bizios.gr\/de\/ueber-uns\/qualitat-amp-sicherheit\/","name":"QUALIT\u00c4T & SICHERHEIT - Bizios","isPartOf":{"@id":"https:\/\/bizios.gr\/#website"},"datePublished":"2022-07-21T08:21:06+00:00","dateModified":"2023-04-12T14:14:32+00:00","description":"The quality & safety of our products is a non-negotiable value for us. The choice of materials is made according to the strictest rules.","breadcrumb":{"@id":"https:\/\/bizios.gr\/de\/ueber-uns\/qualitat-amp-sicherheit\/#breadcrumb"},"inLanguage":"de","potentialAction":[{"@type":"ReadAction","target":["https:\/\/bizios.gr\/de\/ueber-uns\/qualitat-amp-sicherheit\/"]}]},{"@type":"BreadcrumbList","@id":"https:\/\/bizios.gr\/de\/ueber-uns\/qualitat-amp-sicherheit\/#breadcrumb","itemListElement":[{"@type":"ListItem","position":1,"name":"\u0391\u03c1\u03c7\u03b9\u03ba\u03ae","item":"https:\/\/bizios.gr\/de\/"},{"@type":"ListItem","position":2,"name":"\u00dcBER UNS","item":"https:\/\/bizios.gr\/de\/ueber-uns\/"},{"@type":"ListItem","position":3,"name":"QUALIT\u00c4T &#038; SICHERHEIT"}]},{"@type":"WebSite","@id":"https:\/\/bizios.gr\/#website","url":"https:\/\/bizios.gr\/","name":"Bizios","description":"","publisher":{"@id":"https:\/\/bizios.gr\/#organization"},"potentialAction":[{"@type":"SearchAction","target":{"@type":"EntryPoint","urlTemplate":"https:\/\/bizios.gr\/?s={search_term_string}"},"query-input":{"@type":"PropertyValueSpecification","valueRequired":true,"valueName":"search_term_string"}}],"inLanguage":"de"},{"@type":"Organization","@id":"https:\/\/bizios.gr\/#organization","name":"Bizios","url":"https:\/\/bizios.gr\/","logo":{"@type":"ImageObject","inLanguage":"de","@id":"https:\/\/bizios.gr\/#\/schema\/logo\/image\/","url":"https:\/\/bizios.gr\/wp-content\/uploads\/2022\/11\/Capturebizios.png","contentUrl":"https:\/\/bizios.gr\/wp-content\/uploads\/2022\/11\/Capturebizios.png","width":269,"height":141,"caption":"Bizios"},"image":{"@id":"https:\/\/bizios.gr\/#\/schema\/logo\/image\/"},"sameAs":["https:\/\/www.facebook.com\/Biziosdairy\/","https:\/\/www.instagram.com\/biziosdairy\/"]}]}},"_links":{"self":[{"href":"https:\/\/bizios.gr\/de\/wp-json\/wp\/v2\/pages\/3112","targetHints":{"allow":["GET"]}}],"collection":[{"href":"https:\/\/bizios.gr\/de\/wp-json\/wp\/v2\/pages"}],"about":[{"href":"https:\/\/bizios.gr\/de\/wp-json\/wp\/v2\/types\/page"}],"author":[{"embeddable":true,"href":"https:\/\/bizios.gr\/de\/wp-json\/wp\/v2\/users\/11"}],"replies":[{"embeddable":true,"href":"https:\/\/bizios.gr\/de\/wp-json\/wp\/v2\/comments?post=3112"}],"version-history":[{"count":5,"href":"https:\/\/bizios.gr\/de\/wp-json\/wp\/v2\/pages\/3112\/revisions"}],"predecessor-version":[{"id":3334,"href":"https:\/\/bizios.gr\/de\/wp-json\/wp\/v2\/pages\/3112\/revisions\/3334"}],"up":[{"embeddable":true,"href":"https:\/\/bizios.gr\/de\/wp-json\/wp\/v2\/pages\/3083"}],"wp:attachment":[{"href":"https:\/\/bizios.gr\/de\/wp-json\/wp\/v2\/media?parent=3112"}],"curies":[{"name":"wp","href":"https:\/\/api.w.org\/{rel}","templated":true}]}}