{"id":3129,"date":"2022-07-21T11:30:49","date_gmt":"2022-07-21T08:30:49","guid":{"rendered":"https:\/\/bizios.gr\/ueber-uns\/what-makes-us-no-1\/"},"modified":"2023-01-16T11:15:10","modified_gmt":"2023-01-16T09:15:10","slug":"was-uns-zur-nr-1-macht","status":"publish","type":"page","link":"https:\/\/bizios.gr\/de\/ueber-uns\/was-uns-zur-nr-1-macht\/","title":{"rendered":"WAS UNS ZUR NR. 1 MACHT"},"content":{"rendered":"<div class=\"wpb-content-wrapper\"><p>[vc_row][vc_column width=&#8220;1\/2&#8243;][vc_column_text]<\/p>\n<h2 class=\"main-title secondary-title\" style=\"margin-bottom: 20px;\">Was uns zur Nr. 1 macht<\/h2>\n<p>&nbsp;<\/p>\n<p><strong>Eigene hochmoderne Produktionsanlage<br \/>\n<\/strong><\/p>\n<p>Nach betr\u00e4chtlichen Investitionen leiten wir in unseren vorbildlich ausgestatteten und hochmodernen Anlagen eine neue \u00c4ra der K\u00e4seproduktion ein, die f\u00fcr das Land beispiellos ist.<\/p>\n<p><strong>\u00a0<\/strong><\/p>\n<p><strong>Gro\u00dfe Auswahl an K\u00e4seprodukten<\/strong><\/p>\n<p>Wir orientieren uns stets an den sich st\u00e4ndig \u00e4ndernden und sehr anspruchsvollen Ern\u00e4hrungsgewohnheiten und sind in der Lage, jeden Bedarf durch eine Vielzahl von Auswahlm\u00f6glichkeiten zu decken.<\/p>\n<p><strong>\u00a0<\/strong><\/p>\n<p><strong>Umfangreiche Produktionskapazit\u00e4ten zur Versorgung von B2B-Kunden<br \/>\n<\/strong><\/p>\n<p>Hohe Produktionskapazit\u00e4t, un\u00fcbertroffene Qualit\u00e4t und wettbewerbsf\u00e4hige Kosten sind einige der Elemente, die uns zu einer wirklich garantierten Wahl im B2B-Gesch\u00e4ft machen.<\/p>\n<p>&nbsp;<\/p>\n<p><strong>Qualit\u00e4tssicherungssysteme nach ISO 22000:2018, ISO 9001:2015, BRC, IFS, HALAL<br \/>\n<\/strong><\/p>\n<p>Alle unsere Produkte entsprechen den Qualit\u00e4tsparametern, die im griechischen Lebensmittel- und Getr\u00e4nkegesetzbuch sowie in der europ\u00e4ischen Gesetzgebung festgelegt sind, und verf\u00fcgen \u00fcber die erforderlichen Zertifizierungen.<\/p>\n<p><strong>\u00a0<\/strong><\/p>\n<p><strong>Exportt\u00e4tigkeit in 10 L\u00e4ndern<br \/>\n<\/strong><\/p>\n<p>Italien, Frankreich, England, Belgien, Niederlande, Deutschland, \u00d6sterreich, D\u00e4nemark, Arabische Emirate, Asien und Amerika stehen bereits auf unserer Exportliste, und wir setzen unsere Exportt\u00e4tigkeit noch dynamischer auf der Weltkarte fort.<\/p>\n<p>&nbsp;<\/p>\n<p><strong>Moderne Milchviehbetriebe<br \/>\n<\/strong><\/p>\n<p>Bei der Herstellung von Qualit\u00e4tsk\u00e4se spielt das Rohmaterial die wichtigste Rolle. Wir sind \u00fcberzeugt, dass unsere Produkte in bester Qualit\u00e4t aus frischer Milch hergestellt werden, da wir in moderne Milchviehbetriebe investiert haben, zu denen wir seit \u00fcber 100 Jahren hervorragende Beziehungen unterhalten.<\/p>\n<p>&nbsp;<\/p>\n<p>[\/vc_column_text][\/vc_column][vc_column width=&#8220;1\/2&#8243;][vc_single_image image=&#8220;2983&#8243; img_size=&#8220;full&#8220; alignment=&#8220;right&#8220;][\/vc_column][\/vc_row]<\/p>\n<\/div>","protected":false},"excerpt":{"rendered":"<p>[vc_row][vc_column width=&#8220;1\/2&#8243;][vc_column_text] Was uns zur Nr. 1 macht &nbsp; Eigene hochmoderne Produktionsanlage Nach betr\u00e4chtlichen Investitionen leiten wir in unseren vorbildlich ausgestatteten und hochmodernen Anlagen eine neue \u00c4ra der K\u00e4seproduktion ein, die f\u00fcr das Land beispiellos ist. \u00a0 Gro\u00dfe Auswahl an K\u00e4seprodukten Wir orientieren uns stets an den sich st\u00e4ndig \u00e4ndernden und sehr anspruchsvollen Ern\u00e4hrungsgewohnheiten und [&hellip;]<\/p>\n","protected":false},"author":11,"featured_media":0,"parent":3083,"menu_order":28,"comment_status":"closed","ping_status":"closed","template":"template-page-with-children-menu.php","meta":{"_acf_changed":false,"inline_featured_image":false,"footnotes":""},"class_list":["post-3129","page","type-page","status-publish","hentry"],"acf":[],"yoast_head":"<!-- This site is optimized with the Yoast SEO plugin v27.4 - https:\/\/yoast.com\/product\/yoast-seo-wordpress\/ -->\n<title>WAS UNS ZUR NR. 1 MACHT - Bizios<\/title>\n<meta name=\"description\" content=\"What differentiates us is our proprietary state-of-the-art production facility thanks to which we can cover any type of need\" \/>\n<meta name=\"robots\" content=\"index, follow, max-snippet:-1, max-image-preview:large, max-video-preview:-1\" \/>\n<link rel=\"canonical\" href=\"https:\/\/bizios.gr\/de\/ueber-uns\/was-uns-zur-nr-1-macht\/\" \/>\n<meta property=\"og:locale\" content=\"de_DE\" \/>\n<meta property=\"og:type\" content=\"article\" \/>\n<meta property=\"og:title\" content=\"WAS UNS ZUR NR. 1 MACHT - Bizios\" \/>\n<meta property=\"og:description\" content=\"What differentiates us is our proprietary state-of-the-art production facility thanks to which we can cover any type of need\" \/>\n<meta property=\"og:url\" content=\"https:\/\/bizios.gr\/de\/ueber-uns\/was-uns-zur-nr-1-macht\/\" \/>\n<meta property=\"og:site_name\" content=\"Bizios\" \/>\n<meta property=\"article:publisher\" content=\"https:\/\/www.facebook.com\/Biziosdairy\/\" \/>\n<meta property=\"article:modified_time\" content=\"2023-01-16T09:15:10+00:00\" \/>\n<meta name=\"twitter:card\" content=\"summary_large_image\" \/>\n<meta name=\"twitter:label1\" content=\"Gesch\u00e4tzte Lesezeit\" \/>\n\t<meta name=\"twitter:data1\" content=\"2\u00a0Minuten\" \/>\n<script type=\"application\/ld+json\" class=\"yoast-schema-graph\">{\"@context\":\"https:\\\/\\\/schema.org\",\"@graph\":[{\"@type\":\"WebPage\",\"@id\":\"https:\\\/\\\/bizios.gr\\\/de\\\/ueber-uns\\\/was-uns-zur-nr-1-macht\\\/\",\"url\":\"https:\\\/\\\/bizios.gr\\\/de\\\/ueber-uns\\\/was-uns-zur-nr-1-macht\\\/\",\"name\":\"WAS UNS ZUR NR. 1 MACHT - Bizios\",\"isPartOf\":{\"@id\":\"https:\\\/\\\/bizios.gr\\\/#website\"},\"datePublished\":\"2022-07-21T08:30:49+00:00\",\"dateModified\":\"2023-01-16T09:15:10+00:00\",\"description\":\"What differentiates us is our proprietary state-of-the-art production facility thanks to which we can cover any type of need\",\"breadcrumb\":{\"@id\":\"https:\\\/\\\/bizios.gr\\\/de\\\/ueber-uns\\\/was-uns-zur-nr-1-macht\\\/#breadcrumb\"},\"inLanguage\":\"de\",\"potentialAction\":[{\"@type\":\"ReadAction\",\"target\":[\"https:\\\/\\\/bizios.gr\\\/de\\\/ueber-uns\\\/was-uns-zur-nr-1-macht\\\/\"]}]},{\"@type\":\"BreadcrumbList\",\"@id\":\"https:\\\/\\\/bizios.gr\\\/de\\\/ueber-uns\\\/was-uns-zur-nr-1-macht\\\/#breadcrumb\",\"itemListElement\":[{\"@type\":\"ListItem\",\"position\":1,\"name\":\"\u0391\u03c1\u03c7\u03b9\u03ba\u03ae\",\"item\":\"https:\\\/\\\/bizios.gr\\\/de\\\/\"},{\"@type\":\"ListItem\",\"position\":2,\"name\":\"\u00dcBER UNS\",\"item\":\"https:\\\/\\\/bizios.gr\\\/de\\\/ueber-uns\\\/\"},{\"@type\":\"ListItem\",\"position\":3,\"name\":\"WAS UNS ZUR NR. 1 MACHT\"}]},{\"@type\":\"WebSite\",\"@id\":\"https:\\\/\\\/bizios.gr\\\/#website\",\"url\":\"https:\\\/\\\/bizios.gr\\\/\",\"name\":\"Bizios\",\"description\":\"\",\"publisher\":{\"@id\":\"https:\\\/\\\/bizios.gr\\\/#organization\"},\"potentialAction\":[{\"@type\":\"SearchAction\",\"target\":{\"@type\":\"EntryPoint\",\"urlTemplate\":\"https:\\\/\\\/bizios.gr\\\/?s={search_term_string}\"},\"query-input\":{\"@type\":\"PropertyValueSpecification\",\"valueRequired\":true,\"valueName\":\"search_term_string\"}}],\"inLanguage\":\"de\"},{\"@type\":\"Organization\",\"@id\":\"https:\\\/\\\/bizios.gr\\\/#organization\",\"name\":\"Bizios\",\"url\":\"https:\\\/\\\/bizios.gr\\\/\",\"logo\":{\"@type\":\"ImageObject\",\"inLanguage\":\"de\",\"@id\":\"https:\\\/\\\/bizios.gr\\\/#\\\/schema\\\/logo\\\/image\\\/\",\"url\":\"https:\\\/\\\/bizios.gr\\\/wp-content\\\/uploads\\\/2022\\\/11\\\/Capturebizios.png\",\"contentUrl\":\"https:\\\/\\\/bizios.gr\\\/wp-content\\\/uploads\\\/2022\\\/11\\\/Capturebizios.png\",\"width\":269,\"height\":141,\"caption\":\"Bizios\"},\"image\":{\"@id\":\"https:\\\/\\\/bizios.gr\\\/#\\\/schema\\\/logo\\\/image\\\/\"},\"sameAs\":[\"https:\\\/\\\/www.facebook.com\\\/Biziosdairy\\\/\",\"https:\\\/\\\/www.instagram.com\\\/biziosdairy\\\/\"]}]}<\/script>\n<!-- \/ Yoast SEO plugin. -->","yoast_head_json":{"title":"WAS UNS ZUR NR. 1 MACHT - Bizios","description":"What differentiates us is our proprietary state-of-the-art production facility thanks to which we can cover any type of need","robots":{"index":"index","follow":"follow","max-snippet":"max-snippet:-1","max-image-preview":"max-image-preview:large","max-video-preview":"max-video-preview:-1"},"canonical":"https:\/\/bizios.gr\/de\/ueber-uns\/was-uns-zur-nr-1-macht\/","og_locale":"de_DE","og_type":"article","og_title":"WAS UNS ZUR NR. 1 MACHT - Bizios","og_description":"What differentiates us is our proprietary state-of-the-art production facility thanks to which we can cover any type of need","og_url":"https:\/\/bizios.gr\/de\/ueber-uns\/was-uns-zur-nr-1-macht\/","og_site_name":"Bizios","article_publisher":"https:\/\/www.facebook.com\/Biziosdairy\/","article_modified_time":"2023-01-16T09:15:10+00:00","twitter_card":"summary_large_image","twitter_misc":{"Gesch\u00e4tzte Lesezeit":"2\u00a0Minuten"},"schema":{"@context":"https:\/\/schema.org","@graph":[{"@type":"WebPage","@id":"https:\/\/bizios.gr\/de\/ueber-uns\/was-uns-zur-nr-1-macht\/","url":"https:\/\/bizios.gr\/de\/ueber-uns\/was-uns-zur-nr-1-macht\/","name":"WAS UNS ZUR NR. 1 MACHT - Bizios","isPartOf":{"@id":"https:\/\/bizios.gr\/#website"},"datePublished":"2022-07-21T08:30:49+00:00","dateModified":"2023-01-16T09:15:10+00:00","description":"What differentiates us is our proprietary state-of-the-art production facility thanks to which we can cover any type of need","breadcrumb":{"@id":"https:\/\/bizios.gr\/de\/ueber-uns\/was-uns-zur-nr-1-macht\/#breadcrumb"},"inLanguage":"de","potentialAction":[{"@type":"ReadAction","target":["https:\/\/bizios.gr\/de\/ueber-uns\/was-uns-zur-nr-1-macht\/"]}]},{"@type":"BreadcrumbList","@id":"https:\/\/bizios.gr\/de\/ueber-uns\/was-uns-zur-nr-1-macht\/#breadcrumb","itemListElement":[{"@type":"ListItem","position":1,"name":"\u0391\u03c1\u03c7\u03b9\u03ba\u03ae","item":"https:\/\/bizios.gr\/de\/"},{"@type":"ListItem","position":2,"name":"\u00dcBER UNS","item":"https:\/\/bizios.gr\/de\/ueber-uns\/"},{"@type":"ListItem","position":3,"name":"WAS UNS ZUR NR. 1 MACHT"}]},{"@type":"WebSite","@id":"https:\/\/bizios.gr\/#website","url":"https:\/\/bizios.gr\/","name":"Bizios","description":"","publisher":{"@id":"https:\/\/bizios.gr\/#organization"},"potentialAction":[{"@type":"SearchAction","target":{"@type":"EntryPoint","urlTemplate":"https:\/\/bizios.gr\/?s={search_term_string}"},"query-input":{"@type":"PropertyValueSpecification","valueRequired":true,"valueName":"search_term_string"}}],"inLanguage":"de"},{"@type":"Organization","@id":"https:\/\/bizios.gr\/#organization","name":"Bizios","url":"https:\/\/bizios.gr\/","logo":{"@type":"ImageObject","inLanguage":"de","@id":"https:\/\/bizios.gr\/#\/schema\/logo\/image\/","url":"https:\/\/bizios.gr\/wp-content\/uploads\/2022\/11\/Capturebizios.png","contentUrl":"https:\/\/bizios.gr\/wp-content\/uploads\/2022\/11\/Capturebizios.png","width":269,"height":141,"caption":"Bizios"},"image":{"@id":"https:\/\/bizios.gr\/#\/schema\/logo\/image\/"},"sameAs":["https:\/\/www.facebook.com\/Biziosdairy\/","https:\/\/www.instagram.com\/biziosdairy\/"]}]}},"_links":{"self":[{"href":"https:\/\/bizios.gr\/de\/wp-json\/wp\/v2\/pages\/3129","targetHints":{"allow":["GET"]}}],"collection":[{"href":"https:\/\/bizios.gr\/de\/wp-json\/wp\/v2\/pages"}],"about":[{"href":"https:\/\/bizios.gr\/de\/wp-json\/wp\/v2\/types\/page"}],"author":[{"embeddable":true,"href":"https:\/\/bizios.gr\/de\/wp-json\/wp\/v2\/users\/11"}],"replies":[{"embeddable":true,"href":"https:\/\/bizios.gr\/de\/wp-json\/wp\/v2\/comments?post=3129"}],"version-history":[{"count":2,"href":"https:\/\/bizios.gr\/de\/wp-json\/wp\/v2\/pages\/3129\/revisions"}],"predecessor-version":[{"id":3131,"href":"https:\/\/bizios.gr\/de\/wp-json\/wp\/v2\/pages\/3129\/revisions\/3131"}],"up":[{"embeddable":true,"href":"https:\/\/bizios.gr\/de\/wp-json\/wp\/v2\/pages\/3083"}],"wp:attachment":[{"href":"https:\/\/bizios.gr\/de\/wp-json\/wp\/v2\/media?parent=3129"}],"curies":[{"name":"wp","href":"https:\/\/api.w.org\/{rel}","templated":true}]}}