{"id":3133,"date":"2022-11-03T12:11:53","date_gmt":"2022-11-03T09:11:53","guid":{"rendered":"https:\/\/bizios.gr\/ueber-uns\/code-of-ethics\/"},"modified":"2023-02-03T15:27:45","modified_gmt":"2023-02-03T13:27:45","slug":"verhaltenskodex","status":"publish","type":"page","link":"https:\/\/bizios.gr\/de\/ueber-uns\/verhaltenskodex\/","title":{"rendered":"VERHALTENSKODEX"},"content":{"rendered":"<div class=\"wpb-content-wrapper\"><p>[vc_row][vc_column width=&#8220;1\/2&#8243;][vc_column_text]<\/p>\n<h2 class=\"main-title secondary-title\" style=\"margin-bottom: 20px;\">Verhaltenskodex<\/h2>\n<p>&nbsp;<\/p>\n<p>Wir in der Gesch\u00e4ftsleitung von BIZIOS S.A. sind der Meinung, dass die stabile Gesch\u00e4ftsentwicklung und die St\u00e4rkung eines guten Rufs auf dem nationalen und internationalen Markt in erheblichem Ma\u00dfe von dem Vertrauensverh\u00e4ltnis abh\u00e4ngt, das wir zu unseren Kunden, Gesch\u00e4ftspartnern und Lieferanten haben. Das Vertrauen, das in erster Linie sowohl in der Beziehung zwischen Management und Personal als auch zwischen den Mitarbeitern bestehen muss.<\/p>\n<p>&nbsp;<\/p>\n<p>Um dieses Vertrauen zu gew\u00e4hrleisten, wurde ein Handlungsrahmen geschaffen, in den die grundlegenden Regeln und Vorschriften der Ethical Trading Initiative (ETI) eingeflossen sind.<\/p>\n<p>&nbsp;<\/p>\n<p><strong>1. Freie Wahl des Arbeitsplatzes<\/strong><\/p>\n<p>&nbsp;<\/p>\n<p>Das Arbeiten ist weder zwingend noch wird es auferlegt. Einem Arbeitnehmer steht es frei, seine Arbeit zu k\u00fcndigen, wann immer er dies m\u00f6chte und nachdem er eine angemessene K\u00fcndigungsfrist eingehalten hat.<\/p>\n<p>&nbsp;<\/p>\n<p><strong>2. Organisations-\/Vertretungsfreiheit und das Recht auf Tarifverhandlungen<\/strong><\/p>\n<p>&nbsp;<\/p>\n<p>Die Arbeitnehmerinnen und Arbeitnehmer haben ausnahmslos das Recht, Gewerkschaften ihrer Wahl beizutreten oder zu gr\u00fcnden und Tarifverhandlungen zu f\u00fchren. (Gesetz 1264\/1982 und Gesetz 1767\/1988)<\/p>\n<p>&nbsp;<\/p>\n<p><strong>3. Die Arbeitsbedingungen im Bereich Gesundheit und Sicherheit<\/strong><\/p>\n<p>&nbsp;<\/p>\n<p>Wir sorgen f\u00fcr ein Arbeitsumfeld, in dem die Bedingungen f\u00fcr Gesundheit und Sicherheit eingehalten werden, unter Ber\u00fccksichtigung der in der Branche vorherrschenden Kenntnisse. Wir ergreifen angemessene Ma\u00dfnahmen zur Verh\u00fctung von Unf\u00e4llen und Berufskrankheiten, indem wir die Ursachen der Risiken (soweit m\u00f6glich und angemessen) minimieren.<\/p>\n<p>&nbsp;<\/p>\n<p><strong>4. Kinderarbeit wird nicht eingesetzt.<\/strong><\/p>\n<p>&nbsp;<\/p>\n<p>Das Unternehmen stellt keine Kinder unter 16 Jahren ein und besch\u00e4ftigt sie nicht. Jugendliche im Alter von 16 bis 18 Jahren d\u00fcrfen nur im Rahmen von Lehrvertr\u00e4gen und niemals in Nacht- oder gef\u00e4hrlichen Arbeiten besch\u00e4ftigt werden.<\/p>\n<p>&nbsp;<\/p>\n<p><strong>5. Angemessene, existenzsichernde L\u00f6hne<\/strong><\/p>\n<p>&nbsp;<\/p>\n<p>F\u00fcr die Geh\u00e4lter des Personals gelten mindestens die nationalen gesetzlichen Bestimmungen und gegebenenfalls sektorale Tarifvertr\u00e4ge.<\/p>\n<p>&nbsp;<\/p>\n<p><strong>6. Die Arbeitszeiten werden nicht \u00fcberschritten<\/strong><\/p>\n<p>&nbsp;<\/p>\n<p>In jedem Fall m\u00fcssen die Arbeitszeiten den nationalen Rechtsvorschriften und den Tarifvertr\u00e4gen entsprechen. Alle \u00dcberstunden werden freiwillig geleistet. Die Gesamtarbeitszeit in einer Woche darf 60 Stunden nicht \u00fcberschreiten.<\/p>\n<p>&nbsp;<\/p>\n<p><strong>7. Keine Diskriminierung<\/strong><\/p>\n<p>&nbsp;<\/p>\n<p>Es darf keine Diskriminierung bei der Einstellung, der Entlohnung, dem Zugang zur Ausbildung, der Bef\u00f6rderung, der Entlassung oder dem Eintritt in den Ruhestand aufgrund von Rasse, sozialer Klasse, Nationalit\u00e4t, Religion, Alter, m\u00f6glicher Behinderung, Geschlecht, Familienstand, sexueller Orientierung, Gewerkschaftszugeh\u00f6rigkeit oder politischer Pr\u00e4ferenz geben.<\/p>\n<p>&nbsp;<\/p>\n<p><strong>8. Regelm\u00e4\u00dfige Arbeit ist vorgesehen<br \/>\n<\/strong><\/p>\n<p>&nbsp;<\/p>\n<p>Es werden alle Anstrengungen unternommen, um sicherzustellen, dass die Arbeit mit den gesetzlich und gewohnheitsrechtlich anerkannten Arbeitsverh\u00e4ltnissen \u00fcbereinstimmt. Die Verpflichtungen gegen\u00fcber den Arbeitnehmern sind im Arbeits- und Sozialversicherungsrecht festgelegt.<\/p>\n<p>&nbsp;<\/p>\n<p><strong>9. Grausames oder unmenschliches Verhalten ist nicht erlaubt.<\/strong><\/p>\n<p>&nbsp;<\/p>\n<p>Misshandlungen oder Disziplinarma\u00dfnahmen unter Anwendung oder Androhung von Gewalt, sexuelle oder andere Bel\u00e4stigungen sowie Beschimpfungen oder andere Formen der Einsch\u00fcchterung sind verboten.<\/p>\n<p>&nbsp;<\/p>\n<p><strong>10. Schutz der Umwelt<br \/>\n<\/strong><\/p>\n<p>&nbsp;<\/p>\n<p>Wir f\u00fchren unsere T\u00e4tigkeiten in \u00dcbereinstimmung mit den nationalen Gesetzen, Verordnungen, Verwaltungspraktiken und Richtlinien zum Umweltschutz sowie mit den einschl\u00e4gigen internationalen Vereinbarungen, Grunds\u00e4tzen, Zielen, Verantwortlichkeiten und Standards im Umweltbereich durch. Wir vermeiden jede Form der Umweltverschmutzung durch unsere Aktivit\u00e4ten. Wir ber\u00fccksichtigen die spezifischen Umweltanforderungen unserer Kunden<\/p>\n<p>&nbsp;<\/p>\n<p><strong>11. Wirtschaftsethik<\/strong><\/p>\n<p>&nbsp;<\/p>\n<p>Unsere Gesch\u00e4ftst\u00e4tigkeit wird von allen Mitarbeitern nach ethischen Grunds\u00e4tzen und ohne Bestechung oder andere betr\u00fcgerische Gesch\u00e4ftspraktiken ausge\u00fcbt.<\/p>\n<p>&nbsp;<\/p>\n<p>Wir verpflichten uns zu diesen Grundregeln, und sie sind f\u00fcr uns das Minimum und nicht das Maximum. Dar\u00fcber hinaus verpflichten wir uns, die nationalen und europ\u00e4ischen Rechtsvorschriften einzuhalten, um den bestm\u00f6glichen Schutz f\u00fcr die Arbeitnehmer zu gew\u00e4hrleisten.<br \/>\nBei BIZIOS S.A. haben wir uns verpflichtet, den Verhaltenskodex in der gesamten Lieferkette zu verbreiten, soweit uns dies m\u00f6glich ist.<\/p>\n<p>&nbsp;<\/p>\n<p><strong>12. Fragen, Anregungen oder Bedenken<\/strong><\/p>\n<p>&nbsp;<\/p>\n<p>Bei Fragen, Anregungen oder Bedenken kontaktieren Sie uns bitte \u00fcber unser Kontaktformular entweder namentlich oder anonym. Die gesamte Kommunikation wird vertraulich behandelt.[\/vc_column_text][\/vc_column][vc_column width=&#8220;1\/2&#8243;][vc_single_image image=&#8220;3064&#8243; img_size=&#8220;full&#8220; alignment=&#8220;right&#8220;][\/vc_column][\/vc_row]<\/p>\n<\/div>","protected":false},"excerpt":{"rendered":"<p>[vc_row][vc_column width=&#8220;1\/2&#8243;][vc_column_text] Verhaltenskodex &nbsp; Wir in der Gesch\u00e4ftsleitung von BIZIOS S.A. sind der Meinung, dass die stabile Gesch\u00e4ftsentwicklung und die St\u00e4rkung eines guten Rufs auf dem nationalen und internationalen Markt in erheblichem Ma\u00dfe von dem Vertrauensverh\u00e4ltnis abh\u00e4ngt, das wir zu unseren Kunden, Gesch\u00e4ftspartnern und Lieferanten haben. Das Vertrauen, das in erster Linie sowohl in der [&hellip;]<\/p>\n","protected":false},"author":11,"featured_media":0,"parent":3083,"menu_order":29,"comment_status":"closed","ping_status":"closed","template":"template-page-with-children-menu.php","meta":{"_acf_changed":false,"inline_featured_image":false,"footnotes":""},"class_list":["post-3133","page","type-page","status-publish","hentry"],"acf":[],"yoast_head":"<!-- This site is optimized with the Yoast SEO plugin v27.4 - https:\/\/yoast.com\/product\/yoast-seo-wordpress\/ -->\n<title>VERHALTENSKODEX - Bizios<\/title>\n<meta name=\"description\" content=\"At our company we believe that steady business growth is proportional to trust both among employees and with customers\" \/>\n<meta name=\"robots\" content=\"index, follow, max-snippet:-1, max-image-preview:large, max-video-preview:-1\" \/>\n<link rel=\"canonical\" href=\"https:\/\/bizios.gr\/de\/ueber-uns\/verhaltenskodex\/\" \/>\n<meta property=\"og:locale\" content=\"de_DE\" \/>\n<meta property=\"og:type\" content=\"article\" \/>\n<meta property=\"og:title\" content=\"VERHALTENSKODEX - Bizios\" \/>\n<meta property=\"og:description\" content=\"At our company we believe that steady business growth is proportional to trust both among employees and with customers\" \/>\n<meta property=\"og:url\" content=\"https:\/\/bizios.gr\/de\/ueber-uns\/verhaltenskodex\/\" \/>\n<meta property=\"og:site_name\" content=\"Bizios\" \/>\n<meta property=\"article:publisher\" content=\"https:\/\/www.facebook.com\/Biziosdairy\/\" \/>\n<meta property=\"article:modified_time\" content=\"2023-02-03T13:27:45+00:00\" \/>\n<meta name=\"twitter:card\" content=\"summary_large_image\" \/>\n<meta name=\"twitter:label1\" content=\"Gesch\u00e4tzte Lesezeit\" \/>\n\t<meta name=\"twitter:data1\" content=\"4\u00a0Minuten\" \/>\n<script type=\"application\/ld+json\" class=\"yoast-schema-graph\">{\"@context\":\"https:\\\/\\\/schema.org\",\"@graph\":[{\"@type\":\"WebPage\",\"@id\":\"https:\\\/\\\/bizios.gr\\\/de\\\/ueber-uns\\\/verhaltenskodex\\\/\",\"url\":\"https:\\\/\\\/bizios.gr\\\/de\\\/ueber-uns\\\/verhaltenskodex\\\/\",\"name\":\"VERHALTENSKODEX - Bizios\",\"isPartOf\":{\"@id\":\"https:\\\/\\\/bizios.gr\\\/#website\"},\"datePublished\":\"2022-11-03T09:11:53+00:00\",\"dateModified\":\"2023-02-03T13:27:45+00:00\",\"description\":\"At our company we believe that steady business growth is proportional to trust both among employees and with customers\",\"breadcrumb\":{\"@id\":\"https:\\\/\\\/bizios.gr\\\/de\\\/ueber-uns\\\/verhaltenskodex\\\/#breadcrumb\"},\"inLanguage\":\"de\",\"potentialAction\":[{\"@type\":\"ReadAction\",\"target\":[\"https:\\\/\\\/bizios.gr\\\/de\\\/ueber-uns\\\/verhaltenskodex\\\/\"]}]},{\"@type\":\"BreadcrumbList\",\"@id\":\"https:\\\/\\\/bizios.gr\\\/de\\\/ueber-uns\\\/verhaltenskodex\\\/#breadcrumb\",\"itemListElement\":[{\"@type\":\"ListItem\",\"position\":1,\"name\":\"\u0391\u03c1\u03c7\u03b9\u03ba\u03ae\",\"item\":\"https:\\\/\\\/bizios.gr\\\/de\\\/\"},{\"@type\":\"ListItem\",\"position\":2,\"name\":\"\u00dcBER UNS\",\"item\":\"https:\\\/\\\/bizios.gr\\\/de\\\/ueber-uns\\\/\"},{\"@type\":\"ListItem\",\"position\":3,\"name\":\"VERHALTENSKODEX\"}]},{\"@type\":\"WebSite\",\"@id\":\"https:\\\/\\\/bizios.gr\\\/#website\",\"url\":\"https:\\\/\\\/bizios.gr\\\/\",\"name\":\"Bizios\",\"description\":\"\",\"publisher\":{\"@id\":\"https:\\\/\\\/bizios.gr\\\/#organization\"},\"potentialAction\":[{\"@type\":\"SearchAction\",\"target\":{\"@type\":\"EntryPoint\",\"urlTemplate\":\"https:\\\/\\\/bizios.gr\\\/?s={search_term_string}\"},\"query-input\":{\"@type\":\"PropertyValueSpecification\",\"valueRequired\":true,\"valueName\":\"search_term_string\"}}],\"inLanguage\":\"de\"},{\"@type\":\"Organization\",\"@id\":\"https:\\\/\\\/bizios.gr\\\/#organization\",\"name\":\"Bizios\",\"url\":\"https:\\\/\\\/bizios.gr\\\/\",\"logo\":{\"@type\":\"ImageObject\",\"inLanguage\":\"de\",\"@id\":\"https:\\\/\\\/bizios.gr\\\/#\\\/schema\\\/logo\\\/image\\\/\",\"url\":\"https:\\\/\\\/bizios.gr\\\/wp-content\\\/uploads\\\/2022\\\/11\\\/Capturebizios.png\",\"contentUrl\":\"https:\\\/\\\/bizios.gr\\\/wp-content\\\/uploads\\\/2022\\\/11\\\/Capturebizios.png\",\"width\":269,\"height\":141,\"caption\":\"Bizios\"},\"image\":{\"@id\":\"https:\\\/\\\/bizios.gr\\\/#\\\/schema\\\/logo\\\/image\\\/\"},\"sameAs\":[\"https:\\\/\\\/www.facebook.com\\\/Biziosdairy\\\/\",\"https:\\\/\\\/www.instagram.com\\\/biziosdairy\\\/\"]}]}<\/script>\n<!-- \/ Yoast SEO plugin. -->","yoast_head_json":{"title":"VERHALTENSKODEX - Bizios","description":"At our company we believe that steady business growth is proportional to trust both among employees and with customers","robots":{"index":"index","follow":"follow","max-snippet":"max-snippet:-1","max-image-preview":"max-image-preview:large","max-video-preview":"max-video-preview:-1"},"canonical":"https:\/\/bizios.gr\/de\/ueber-uns\/verhaltenskodex\/","og_locale":"de_DE","og_type":"article","og_title":"VERHALTENSKODEX - Bizios","og_description":"At our company we believe that steady business growth is proportional to trust both among employees and with customers","og_url":"https:\/\/bizios.gr\/de\/ueber-uns\/verhaltenskodex\/","og_site_name":"Bizios","article_publisher":"https:\/\/www.facebook.com\/Biziosdairy\/","article_modified_time":"2023-02-03T13:27:45+00:00","twitter_card":"summary_large_image","twitter_misc":{"Gesch\u00e4tzte Lesezeit":"4\u00a0Minuten"},"schema":{"@context":"https:\/\/schema.org","@graph":[{"@type":"WebPage","@id":"https:\/\/bizios.gr\/de\/ueber-uns\/verhaltenskodex\/","url":"https:\/\/bizios.gr\/de\/ueber-uns\/verhaltenskodex\/","name":"VERHALTENSKODEX - Bizios","isPartOf":{"@id":"https:\/\/bizios.gr\/#website"},"datePublished":"2022-11-03T09:11:53+00:00","dateModified":"2023-02-03T13:27:45+00:00","description":"At our company we believe that steady business growth is proportional to trust both among employees and with customers","breadcrumb":{"@id":"https:\/\/bizios.gr\/de\/ueber-uns\/verhaltenskodex\/#breadcrumb"},"inLanguage":"de","potentialAction":[{"@type":"ReadAction","target":["https:\/\/bizios.gr\/de\/ueber-uns\/verhaltenskodex\/"]}]},{"@type":"BreadcrumbList","@id":"https:\/\/bizios.gr\/de\/ueber-uns\/verhaltenskodex\/#breadcrumb","itemListElement":[{"@type":"ListItem","position":1,"name":"\u0391\u03c1\u03c7\u03b9\u03ba\u03ae","item":"https:\/\/bizios.gr\/de\/"},{"@type":"ListItem","position":2,"name":"\u00dcBER UNS","item":"https:\/\/bizios.gr\/de\/ueber-uns\/"},{"@type":"ListItem","position":3,"name":"VERHALTENSKODEX"}]},{"@type":"WebSite","@id":"https:\/\/bizios.gr\/#website","url":"https:\/\/bizios.gr\/","name":"Bizios","description":"","publisher":{"@id":"https:\/\/bizios.gr\/#organization"},"potentialAction":[{"@type":"SearchAction","target":{"@type":"EntryPoint","urlTemplate":"https:\/\/bizios.gr\/?s={search_term_string}"},"query-input":{"@type":"PropertyValueSpecification","valueRequired":true,"valueName":"search_term_string"}}],"inLanguage":"de"},{"@type":"Organization","@id":"https:\/\/bizios.gr\/#organization","name":"Bizios","url":"https:\/\/bizios.gr\/","logo":{"@type":"ImageObject","inLanguage":"de","@id":"https:\/\/bizios.gr\/#\/schema\/logo\/image\/","url":"https:\/\/bizios.gr\/wp-content\/uploads\/2022\/11\/Capturebizios.png","contentUrl":"https:\/\/bizios.gr\/wp-content\/uploads\/2022\/11\/Capturebizios.png","width":269,"height":141,"caption":"Bizios"},"image":{"@id":"https:\/\/bizios.gr\/#\/schema\/logo\/image\/"},"sameAs":["https:\/\/www.facebook.com\/Biziosdairy\/","https:\/\/www.instagram.com\/biziosdairy\/"]}]}},"_links":{"self":[{"href":"https:\/\/bizios.gr\/de\/wp-json\/wp\/v2\/pages\/3133","targetHints":{"allow":["GET"]}}],"collection":[{"href":"https:\/\/bizios.gr\/de\/wp-json\/wp\/v2\/pages"}],"about":[{"href":"https:\/\/bizios.gr\/de\/wp-json\/wp\/v2\/types\/page"}],"author":[{"embeddable":true,"href":"https:\/\/bizios.gr\/de\/wp-json\/wp\/v2\/users\/11"}],"replies":[{"embeddable":true,"href":"https:\/\/bizios.gr\/de\/wp-json\/wp\/v2\/comments?post=3133"}],"version-history":[{"count":5,"href":"https:\/\/bizios.gr\/de\/wp-json\/wp\/v2\/pages\/3133\/revisions"}],"predecessor-version":[{"id":3294,"href":"https:\/\/bizios.gr\/de\/wp-json\/wp\/v2\/pages\/3133\/revisions\/3294"}],"up":[{"embeddable":true,"href":"https:\/\/bizios.gr\/de\/wp-json\/wp\/v2\/pages\/3083"}],"wp:attachment":[{"href":"https:\/\/bizios.gr\/de\/wp-json\/wp\/v2\/media?parent=3133"}],"curies":[{"name":"wp","href":"https:\/\/api.w.org\/{rel}","templated":true}]}}