{"id":3136,"date":"2022-04-07T11:48:45","date_gmt":"2022-04-07T08:48:45","guid":{"rendered":"https:\/\/bizios.gr\/our-land\/"},"modified":"2023-01-16T11:23:20","modified_gmt":"2023-01-16T09:23:20","slug":"unser-land","status":"publish","type":"page","link":"https:\/\/bizios.gr\/de\/unser-land\/","title":{"rendered":"UNSER LAND"},"content":{"rendered":"<div class=\"wpb-content-wrapper\"><p>[vc_row gap=&#8220;20&#8243; content_placement=&#8220;top&#8220;][vc_column width=&#8220;1\/2&#8243;][vc_column_text]<\/p>\n<h2 class=\"main-title\">UNSER LAND<\/h2>\n<p>[\/vc_column_text][vc_column_text]Elassona ist eine Stadt in der Pr\u00e4fektur Larisa und liegt amphitheatralisch an der S\u00fcdseite des Olymps. Sie ist ein Verkehrsknotenpunkt mit lokalem und \u00fcberregionalem Charakter und im wahrsten Sinne des Wortes ein einzigartiger Bezugspunkt f\u00fcr die Herstellung von g.U.-K\u00e4se wie FETA-K\u00c4SE g.U., KASERI-K\u00c4SE g.U. und MANOURI-K\u00c4SE g.U. Der gr\u00f6\u00dfte Teil der Wirtschaftst\u00e4tigkeit der Region entf\u00e4llt auf die Viehzucht und die Landwirtschaft. Die Region Elassona sowie Thessalien werden als die griechische Hauptstadt der Ziegen- und Schafsmilch bezeichnet. Die in unserer Region erzeugten Produktionsmengen sind unter allen griechischen Regionen die gr\u00f6\u00dften in Griechenland. Der t\u00e4gliche Kontakt mit den Landwirten der Region, der Respekt vor den Tieren und das ausgepr\u00e4gte Bewusstsein f\u00fcr die Verantwortung gegen\u00fcber der Umwelt sind prim\u00e4re Werte unseres Unternehmens und tragen zur Erf\u00fcllung seines Ziels bei, das kein anderes ist, als einzigartige, qualitativ hochwertige Produkte von hohem Standard anzubieten.<br \/>\n[\/vc_column_text][\/vc_column][vc_column width=&#8220;1\/2&#8243;][\/vc_column][\/vc_row]<\/p>\n<\/div>","protected":false},"excerpt":{"rendered":"<p>[vc_row gap=&#8220;20&#8243; content_placement=&#8220;top&#8220;][vc_column width=&#8220;1\/2&#8243;][vc_column_text] UNSER LAND [\/vc_column_text][vc_column_text]Elassona ist eine Stadt in der Pr\u00e4fektur Larisa und liegt amphitheatralisch an der S\u00fcdseite des Olymps. Sie ist ein Verkehrsknotenpunkt mit lokalem und \u00fcberregionalem Charakter und im wahrsten Sinne des Wortes ein einzigartiger Bezugspunkt f\u00fcr die Herstellung von g.U.-K\u00e4se wie FETA-K\u00c4SE g.U., KASERI-K\u00c4SE g.U. und MANOURI-K\u00c4SE g.U. Der gr\u00f6\u00dfte [&hellip;]<\/p>\n","protected":false},"author":11,"featured_media":0,"parent":0,"menu_order":8,"comment_status":"closed","ping_status":"closed","template":"template-page-paddings.php","meta":{"_acf_changed":false,"inline_featured_image":false,"footnotes":""},"class_list":["post-3136","page","type-page","status-publish","hentry"],"acf":[],"yoast_head":"<!-- This site is optimized with the Yoast SEO plugin v27.4 - https:\/\/yoast.com\/product\/yoast-seo-wordpress\/ -->\n<title>UNSER LAND - Bizios<\/title>\n<meta name=\"description\" content=\"Our region is well suited to produce and offer unique, high quality products.\" \/>\n<meta name=\"robots\" content=\"index, follow, max-snippet:-1, max-image-preview:large, max-video-preview:-1\" \/>\n<link rel=\"canonical\" href=\"https:\/\/bizios.gr\/de\/unser-land\/\" \/>\n<meta property=\"og:locale\" content=\"de_DE\" \/>\n<meta property=\"og:type\" content=\"article\" \/>\n<meta property=\"og:title\" content=\"UNSER LAND - Bizios\" \/>\n<meta property=\"og:description\" content=\"Our region is well suited to produce and offer unique, high quality products.\" \/>\n<meta property=\"og:url\" content=\"https:\/\/bizios.gr\/de\/unser-land\/\" \/>\n<meta property=\"og:site_name\" content=\"Bizios\" \/>\n<meta property=\"article:publisher\" content=\"https:\/\/www.facebook.com\/Biziosdairy\/\" \/>\n<meta property=\"article:modified_time\" content=\"2023-01-16T09:23:20+00:00\" \/>\n<meta name=\"twitter:card\" content=\"summary_large_image\" \/>\n<meta name=\"twitter:label1\" content=\"Gesch\u00e4tzte Lesezeit\" \/>\n\t<meta name=\"twitter:data1\" content=\"1\u00a0Minute\" \/>\n<script type=\"application\/ld+json\" class=\"yoast-schema-graph\">{\"@context\":\"https:\\\/\\\/schema.org\",\"@graph\":[{\"@type\":\"WebPage\",\"@id\":\"https:\\\/\\\/bizios.gr\\\/de\\\/unser-land\\\/\",\"url\":\"https:\\\/\\\/bizios.gr\\\/de\\\/unser-land\\\/\",\"name\":\"UNSER LAND - Bizios\",\"isPartOf\":{\"@id\":\"https:\\\/\\\/bizios.gr\\\/#website\"},\"datePublished\":\"2022-04-07T08:48:45+00:00\",\"dateModified\":\"2023-01-16T09:23:20+00:00\",\"description\":\"Our region is well suited to produce and offer unique, high quality products.\",\"breadcrumb\":{\"@id\":\"https:\\\/\\\/bizios.gr\\\/de\\\/unser-land\\\/#breadcrumb\"},\"inLanguage\":\"de\",\"potentialAction\":[{\"@type\":\"ReadAction\",\"target\":[\"https:\\\/\\\/bizios.gr\\\/de\\\/unser-land\\\/\"]}]},{\"@type\":\"BreadcrumbList\",\"@id\":\"https:\\\/\\\/bizios.gr\\\/de\\\/unser-land\\\/#breadcrumb\",\"itemListElement\":[{\"@type\":\"ListItem\",\"position\":1,\"name\":\"\u0391\u03c1\u03c7\u03b9\u03ba\u03ae\",\"item\":\"https:\\\/\\\/bizios.gr\\\/de\\\/\"},{\"@type\":\"ListItem\",\"position\":2,\"name\":\"UNSER LAND\"}]},{\"@type\":\"WebSite\",\"@id\":\"https:\\\/\\\/bizios.gr\\\/#website\",\"url\":\"https:\\\/\\\/bizios.gr\\\/\",\"name\":\"Bizios\",\"description\":\"\",\"publisher\":{\"@id\":\"https:\\\/\\\/bizios.gr\\\/#organization\"},\"potentialAction\":[{\"@type\":\"SearchAction\",\"target\":{\"@type\":\"EntryPoint\",\"urlTemplate\":\"https:\\\/\\\/bizios.gr\\\/?s={search_term_string}\"},\"query-input\":{\"@type\":\"PropertyValueSpecification\",\"valueRequired\":true,\"valueName\":\"search_term_string\"}}],\"inLanguage\":\"de\"},{\"@type\":\"Organization\",\"@id\":\"https:\\\/\\\/bizios.gr\\\/#organization\",\"name\":\"Bizios\",\"url\":\"https:\\\/\\\/bizios.gr\\\/\",\"logo\":{\"@type\":\"ImageObject\",\"inLanguage\":\"de\",\"@id\":\"https:\\\/\\\/bizios.gr\\\/#\\\/schema\\\/logo\\\/image\\\/\",\"url\":\"https:\\\/\\\/bizios.gr\\\/wp-content\\\/uploads\\\/2022\\\/11\\\/Capturebizios.png\",\"contentUrl\":\"https:\\\/\\\/bizios.gr\\\/wp-content\\\/uploads\\\/2022\\\/11\\\/Capturebizios.png\",\"width\":269,\"height\":141,\"caption\":\"Bizios\"},\"image\":{\"@id\":\"https:\\\/\\\/bizios.gr\\\/#\\\/schema\\\/logo\\\/image\\\/\"},\"sameAs\":[\"https:\\\/\\\/www.facebook.com\\\/Biziosdairy\\\/\",\"https:\\\/\\\/www.instagram.com\\\/biziosdairy\\\/\"]}]}<\/script>\n<!-- \/ Yoast SEO plugin. -->","yoast_head_json":{"title":"UNSER LAND - Bizios","description":"Our region is well suited to produce and offer unique, high quality products.","robots":{"index":"index","follow":"follow","max-snippet":"max-snippet:-1","max-image-preview":"max-image-preview:large","max-video-preview":"max-video-preview:-1"},"canonical":"https:\/\/bizios.gr\/de\/unser-land\/","og_locale":"de_DE","og_type":"article","og_title":"UNSER LAND - Bizios","og_description":"Our region is well suited to produce and offer unique, high quality products.","og_url":"https:\/\/bizios.gr\/de\/unser-land\/","og_site_name":"Bizios","article_publisher":"https:\/\/www.facebook.com\/Biziosdairy\/","article_modified_time":"2023-01-16T09:23:20+00:00","twitter_card":"summary_large_image","twitter_misc":{"Gesch\u00e4tzte Lesezeit":"1\u00a0Minute"},"schema":{"@context":"https:\/\/schema.org","@graph":[{"@type":"WebPage","@id":"https:\/\/bizios.gr\/de\/unser-land\/","url":"https:\/\/bizios.gr\/de\/unser-land\/","name":"UNSER LAND - Bizios","isPartOf":{"@id":"https:\/\/bizios.gr\/#website"},"datePublished":"2022-04-07T08:48:45+00:00","dateModified":"2023-01-16T09:23:20+00:00","description":"Our region is well suited to produce and offer unique, high quality products.","breadcrumb":{"@id":"https:\/\/bizios.gr\/de\/unser-land\/#breadcrumb"},"inLanguage":"de","potentialAction":[{"@type":"ReadAction","target":["https:\/\/bizios.gr\/de\/unser-land\/"]}]},{"@type":"BreadcrumbList","@id":"https:\/\/bizios.gr\/de\/unser-land\/#breadcrumb","itemListElement":[{"@type":"ListItem","position":1,"name":"\u0391\u03c1\u03c7\u03b9\u03ba\u03ae","item":"https:\/\/bizios.gr\/de\/"},{"@type":"ListItem","position":2,"name":"UNSER LAND"}]},{"@type":"WebSite","@id":"https:\/\/bizios.gr\/#website","url":"https:\/\/bizios.gr\/","name":"Bizios","description":"","publisher":{"@id":"https:\/\/bizios.gr\/#organization"},"potentialAction":[{"@type":"SearchAction","target":{"@type":"EntryPoint","urlTemplate":"https:\/\/bizios.gr\/?s={search_term_string}"},"query-input":{"@type":"PropertyValueSpecification","valueRequired":true,"valueName":"search_term_string"}}],"inLanguage":"de"},{"@type":"Organization","@id":"https:\/\/bizios.gr\/#organization","name":"Bizios","url":"https:\/\/bizios.gr\/","logo":{"@type":"ImageObject","inLanguage":"de","@id":"https:\/\/bizios.gr\/#\/schema\/logo\/image\/","url":"https:\/\/bizios.gr\/wp-content\/uploads\/2022\/11\/Capturebizios.png","contentUrl":"https:\/\/bizios.gr\/wp-content\/uploads\/2022\/11\/Capturebizios.png","width":269,"height":141,"caption":"Bizios"},"image":{"@id":"https:\/\/bizios.gr\/#\/schema\/logo\/image\/"},"sameAs":["https:\/\/www.facebook.com\/Biziosdairy\/","https:\/\/www.instagram.com\/biziosdairy\/"]}]}},"_links":{"self":[{"href":"https:\/\/bizios.gr\/de\/wp-json\/wp\/v2\/pages\/3136","targetHints":{"allow":["GET"]}}],"collection":[{"href":"https:\/\/bizios.gr\/de\/wp-json\/wp\/v2\/pages"}],"about":[{"href":"https:\/\/bizios.gr\/de\/wp-json\/wp\/v2\/types\/page"}],"author":[{"embeddable":true,"href":"https:\/\/bizios.gr\/de\/wp-json\/wp\/v2\/users\/11"}],"replies":[{"embeddable":true,"href":"https:\/\/bizios.gr\/de\/wp-json\/wp\/v2\/comments?post=3136"}],"version-history":[{"count":1,"href":"https:\/\/bizios.gr\/de\/wp-json\/wp\/v2\/pages\/3136\/revisions"}],"predecessor-version":[{"id":3137,"href":"https:\/\/bizios.gr\/de\/wp-json\/wp\/v2\/pages\/3136\/revisions\/3137"}],"wp:attachment":[{"href":"https:\/\/bizios.gr\/de\/wp-json\/wp\/v2\/media?parent=3136"}],"curies":[{"name":"wp","href":"https:\/\/api.w.org\/{rel}","templated":true}]}}