{"id":3138,"date":"2022-04-07T12:36:55","date_gmt":"2022-04-07T09:36:55","guid":{"rendered":"https:\/\/bizios.gr\/private-label\/"},"modified":"2023-01-16T16:06:38","modified_gmt":"2023-01-16T14:06:38","slug":"eigenmarke","status":"publish","type":"page","link":"https:\/\/bizios.gr\/de\/eigenmarke\/","title":{"rendered":"EIGENMARKE"},"content":{"rendered":"<div class=\"wpb-content-wrapper\"><p>[vc_row gap=&#8220;20&#8243; el_class=&#8220;equal-image-text&#8220;][vc_column width=&#8220;1\/2&#8243;][vc_column_text]<\/p>\n<h2 class=\"main-title\" style=\"margin-bottom: 20px;\">EIGENMARKE<\/h2>\n<p>&nbsp;<\/p>\n<p><span style=\"font-weight: 400;\">Auf Ihre Bed\u00fcrfnisse angepasst<br \/>\n<\/span><\/p>\n<p>&nbsp;<\/p>\n<p><span style=\"font-weight: 400;\">Unser Unternehmen stellt Eigenmarkenprodukte f\u00fcr gro\u00dfe, mittlere und kleine Unternehmen her. Alle Produkte auf unserer Website k\u00f6nnen mit einem eigenen Etikett versehen werden. Zus\u00e4tzlich zu unseren eigenen Produkten kann unser Unternehmen, das \u00fcber ein breites Netz von Partnerschaften mit griechischen Herstellern verf\u00fcgt, f\u00fcr Sie Eigenmarkenprodukte von ausgezeichneter Qualit\u00e4t zu wettbewerbsf\u00e4higen Preisen herstellen.<\/span><\/p>\n<p>[\/vc_column_text][\/vc_column][vc_column width=&#8220;1\/2&#8243;][vc_single_image image=&#8220;3060&#8243; img_size=&#8220;full&#8220; alignment=&#8220;right&#8220;][\/vc_column][\/vc_row][vc_row][vc_column][vc_raw_js]JTNDc2NyaXB0JTNFJTBBJTBBalF1ZXJ5JTI4ZG9jdW1lbnQlMjkucmVhZHklMjhmdW5jdGlvbiUyOCUyOSUyMCU3QiUwQWZ1bmN0aW9uJTIwaW1hZ2VFcXVhbEhlaWdodCUyOCUyOSUyMCU3QiUwQWxldCUyMHRleHRIZWlnaHQlMjAlM0QlMjBqUXVlcnklMjglMjcuZXF1YWwtaW1hZ2UtdGV4dCUyMC53cGJfdGV4dF9jb2x1bW4lMjclMjkuaGVpZ2h0JTI4JTI5JTNCJTBBalF1ZXJ5JTI4JTI3LmVxdWFsLWltYWdlLXRleHQlMjBpbWclMjclMjkuY3NzJTI4JTdCJTBBJTI3bWF4LWhlaWdodCUyNyUyMCUzQSUyMHRleHRIZWlnaHQlMEElN0QlMjklM0IlMEElN0QlMEFpbWFnZUVxdWFsSGVpZ2h0JTI4JTI5JTNCJTBBalF1ZXJ5JTI4d2luZG93JTI5LnJlc2l6ZSUyOGltYWdlRXF1YWxIZWlnaHQlMjklM0IlMEElN0QlMjklMEElMEElM0MlMkZzY3JpcHQlM0U=[\/vc_raw_js][\/vc_column][\/vc_row]<\/p>\n<\/div>","protected":false},"excerpt":{"rendered":"<p>[vc_row gap=&#8220;20&#8243; el_class=&#8220;equal-image-text&#8220;][vc_column width=&#8220;1\/2&#8243;][vc_column_text] EIGENMARKE &nbsp; Auf Ihre Bed\u00fcrfnisse angepasst &nbsp; Unser Unternehmen stellt Eigenmarkenprodukte f\u00fcr gro\u00dfe, mittlere und kleine Unternehmen her. Alle Produkte auf unserer Website k\u00f6nnen mit einem eigenen Etikett versehen werden. Zus\u00e4tzlich zu unseren eigenen Produkten kann unser Unternehmen, das \u00fcber ein breites Netz von Partnerschaften mit griechischen Herstellern verf\u00fcgt, f\u00fcr Sie [&hellip;]<\/p>\n","protected":false},"author":11,"featured_media":0,"parent":0,"menu_order":6,"comment_status":"closed","ping_status":"closed","template":"template-page-paddings.php","meta":{"_acf_changed":false,"inline_featured_image":false,"footnotes":""},"class_list":["post-3138","page","type-page","status-publish","hentry"],"acf":[],"yoast_head":"<!-- This site is optimized with the Yoast SEO plugin v27.4 - https:\/\/yoast.com\/product\/yoast-seo-wordpress\/ -->\n<title>EIGENMARKE - Bizios<\/title>\n<meta name=\"description\" content=\"Production of private label products of the highest quality with certified raw materials for the largest retailers worldwide\" \/>\n<meta name=\"robots\" content=\"index, follow, max-snippet:-1, max-image-preview:large, max-video-preview:-1\" \/>\n<link rel=\"canonical\" href=\"https:\/\/bizios.gr\/de\/eigenmarke\/\" \/>\n<meta property=\"og:locale\" content=\"de_DE\" \/>\n<meta property=\"og:type\" content=\"article\" \/>\n<meta property=\"og:title\" content=\"EIGENMARKE - Bizios\" \/>\n<meta property=\"og:description\" content=\"Production of private label products of the highest quality with certified raw materials for the largest retailers worldwide\" \/>\n<meta property=\"og:url\" content=\"https:\/\/bizios.gr\/de\/eigenmarke\/\" \/>\n<meta property=\"og:site_name\" content=\"Bizios\" \/>\n<meta property=\"article:publisher\" content=\"https:\/\/www.facebook.com\/Biziosdairy\/\" \/>\n<meta property=\"article:modified_time\" content=\"2023-01-16T14:06:38+00:00\" \/>\n<meta name=\"twitter:card\" content=\"summary_large_image\" \/>\n<meta name=\"twitter:label1\" content=\"Gesch\u00e4tzte Lesezeit\" \/>\n\t<meta name=\"twitter:data1\" content=\"1\u00a0Minute\" \/>\n<script type=\"application\/ld+json\" class=\"yoast-schema-graph\">{\"@context\":\"https:\\\/\\\/schema.org\",\"@graph\":[{\"@type\":\"WebPage\",\"@id\":\"https:\\\/\\\/bizios.gr\\\/de\\\/eigenmarke\\\/\",\"url\":\"https:\\\/\\\/bizios.gr\\\/de\\\/eigenmarke\\\/\",\"name\":\"EIGENMARKE - Bizios\",\"isPartOf\":{\"@id\":\"https:\\\/\\\/bizios.gr\\\/#website\"},\"datePublished\":\"2022-04-07T09:36:55+00:00\",\"dateModified\":\"2023-01-16T14:06:38+00:00\",\"description\":\"Production of private label products of the highest quality with certified raw materials for the largest retailers worldwide\",\"breadcrumb\":{\"@id\":\"https:\\\/\\\/bizios.gr\\\/de\\\/eigenmarke\\\/#breadcrumb\"},\"inLanguage\":\"de\",\"potentialAction\":[{\"@type\":\"ReadAction\",\"target\":[\"https:\\\/\\\/bizios.gr\\\/de\\\/eigenmarke\\\/\"]}]},{\"@type\":\"BreadcrumbList\",\"@id\":\"https:\\\/\\\/bizios.gr\\\/de\\\/eigenmarke\\\/#breadcrumb\",\"itemListElement\":[{\"@type\":\"ListItem\",\"position\":1,\"name\":\"\u0391\u03c1\u03c7\u03b9\u03ba\u03ae\",\"item\":\"https:\\\/\\\/bizios.gr\\\/de\\\/\"},{\"@type\":\"ListItem\",\"position\":2,\"name\":\"EIGENMARKE\"}]},{\"@type\":\"WebSite\",\"@id\":\"https:\\\/\\\/bizios.gr\\\/#website\",\"url\":\"https:\\\/\\\/bizios.gr\\\/\",\"name\":\"Bizios\",\"description\":\"\",\"publisher\":{\"@id\":\"https:\\\/\\\/bizios.gr\\\/#organization\"},\"potentialAction\":[{\"@type\":\"SearchAction\",\"target\":{\"@type\":\"EntryPoint\",\"urlTemplate\":\"https:\\\/\\\/bizios.gr\\\/?s={search_term_string}\"},\"query-input\":{\"@type\":\"PropertyValueSpecification\",\"valueRequired\":true,\"valueName\":\"search_term_string\"}}],\"inLanguage\":\"de\"},{\"@type\":\"Organization\",\"@id\":\"https:\\\/\\\/bizios.gr\\\/#organization\",\"name\":\"Bizios\",\"url\":\"https:\\\/\\\/bizios.gr\\\/\",\"logo\":{\"@type\":\"ImageObject\",\"inLanguage\":\"de\",\"@id\":\"https:\\\/\\\/bizios.gr\\\/#\\\/schema\\\/logo\\\/image\\\/\",\"url\":\"https:\\\/\\\/bizios.gr\\\/wp-content\\\/uploads\\\/2022\\\/11\\\/Capturebizios.png\",\"contentUrl\":\"https:\\\/\\\/bizios.gr\\\/wp-content\\\/uploads\\\/2022\\\/11\\\/Capturebizios.png\",\"width\":269,\"height\":141,\"caption\":\"Bizios\"},\"image\":{\"@id\":\"https:\\\/\\\/bizios.gr\\\/#\\\/schema\\\/logo\\\/image\\\/\"},\"sameAs\":[\"https:\\\/\\\/www.facebook.com\\\/Biziosdairy\\\/\",\"https:\\\/\\\/www.instagram.com\\\/biziosdairy\\\/\"]}]}<\/script>\n<!-- \/ Yoast SEO plugin. -->","yoast_head_json":{"title":"EIGENMARKE - Bizios","description":"Production of private label products of the highest quality with certified raw materials for the largest retailers worldwide","robots":{"index":"index","follow":"follow","max-snippet":"max-snippet:-1","max-image-preview":"max-image-preview:large","max-video-preview":"max-video-preview:-1"},"canonical":"https:\/\/bizios.gr\/de\/eigenmarke\/","og_locale":"de_DE","og_type":"article","og_title":"EIGENMARKE - Bizios","og_description":"Production of private label products of the highest quality with certified raw materials for the largest retailers worldwide","og_url":"https:\/\/bizios.gr\/de\/eigenmarke\/","og_site_name":"Bizios","article_publisher":"https:\/\/www.facebook.com\/Biziosdairy\/","article_modified_time":"2023-01-16T14:06:38+00:00","twitter_card":"summary_large_image","twitter_misc":{"Gesch\u00e4tzte Lesezeit":"1\u00a0Minute"},"schema":{"@context":"https:\/\/schema.org","@graph":[{"@type":"WebPage","@id":"https:\/\/bizios.gr\/de\/eigenmarke\/","url":"https:\/\/bizios.gr\/de\/eigenmarke\/","name":"EIGENMARKE - Bizios","isPartOf":{"@id":"https:\/\/bizios.gr\/#website"},"datePublished":"2022-04-07T09:36:55+00:00","dateModified":"2023-01-16T14:06:38+00:00","description":"Production of private label products of the highest quality with certified raw materials for the largest retailers worldwide","breadcrumb":{"@id":"https:\/\/bizios.gr\/de\/eigenmarke\/#breadcrumb"},"inLanguage":"de","potentialAction":[{"@type":"ReadAction","target":["https:\/\/bizios.gr\/de\/eigenmarke\/"]}]},{"@type":"BreadcrumbList","@id":"https:\/\/bizios.gr\/de\/eigenmarke\/#breadcrumb","itemListElement":[{"@type":"ListItem","position":1,"name":"\u0391\u03c1\u03c7\u03b9\u03ba\u03ae","item":"https:\/\/bizios.gr\/de\/"},{"@type":"ListItem","position":2,"name":"EIGENMARKE"}]},{"@type":"WebSite","@id":"https:\/\/bizios.gr\/#website","url":"https:\/\/bizios.gr\/","name":"Bizios","description":"","publisher":{"@id":"https:\/\/bizios.gr\/#organization"},"potentialAction":[{"@type":"SearchAction","target":{"@type":"EntryPoint","urlTemplate":"https:\/\/bizios.gr\/?s={search_term_string}"},"query-input":{"@type":"PropertyValueSpecification","valueRequired":true,"valueName":"search_term_string"}}],"inLanguage":"de"},{"@type":"Organization","@id":"https:\/\/bizios.gr\/#organization","name":"Bizios","url":"https:\/\/bizios.gr\/","logo":{"@type":"ImageObject","inLanguage":"de","@id":"https:\/\/bizios.gr\/#\/schema\/logo\/image\/","url":"https:\/\/bizios.gr\/wp-content\/uploads\/2022\/11\/Capturebizios.png","contentUrl":"https:\/\/bizios.gr\/wp-content\/uploads\/2022\/11\/Capturebizios.png","width":269,"height":141,"caption":"Bizios"},"image":{"@id":"https:\/\/bizios.gr\/#\/schema\/logo\/image\/"},"sameAs":["https:\/\/www.facebook.com\/Biziosdairy\/","https:\/\/www.instagram.com\/biziosdairy\/"]}]}},"_links":{"self":[{"href":"https:\/\/bizios.gr\/de\/wp-json\/wp\/v2\/pages\/3138","targetHints":{"allow":["GET"]}}],"collection":[{"href":"https:\/\/bizios.gr\/de\/wp-json\/wp\/v2\/pages"}],"about":[{"href":"https:\/\/bizios.gr\/de\/wp-json\/wp\/v2\/types\/page"}],"author":[{"embeddable":true,"href":"https:\/\/bizios.gr\/de\/wp-json\/wp\/v2\/users\/11"}],"replies":[{"embeddable":true,"href":"https:\/\/bizios.gr\/de\/wp-json\/wp\/v2\/comments?post=3138"}],"version-history":[{"count":4,"href":"https:\/\/bizios.gr\/de\/wp-json\/wp\/v2\/pages\/3138\/revisions"}],"predecessor-version":[{"id":3264,"href":"https:\/\/bizios.gr\/de\/wp-json\/wp\/v2\/pages\/3138\/revisions\/3264"}],"wp:attachment":[{"href":"https:\/\/bizios.gr\/de\/wp-json\/wp\/v2\/media?parent=3138"}],"curies":[{"name":"wp","href":"https:\/\/api.w.org\/{rel}","templated":true}]}}