{"id":3151,"date":"2022-04-05T12:35:55","date_gmt":"2022-04-05T09:35:55","guid":{"rendered":"https:\/\/bizios.gr\/eco-dairy\/"},"modified":"2023-01-16T12:10:15","modified_gmt":"2023-01-16T10:10:15","slug":"eco-dairy","status":"publish","type":"page","link":"https:\/\/bizios.gr\/de\/eco-dairy\/","title":{"rendered":"ECO DAIRY"},"content":{"rendered":"<div class=\"wpb-content-wrapper\"><p>[vc_row gap=&#8220;20&#8243;][vc_column width=&#8220;1\/2&#8243;][vc_column_text]<\/p>\n<h2 class=\"main-title\" style=\"margin-bottom: 20px;\">ECO DAIRY<\/h2>\n<p>[\/vc_column_text][vc_column_text]Der Respekt vor der Natur und die st\u00e4ndige Orientierung an \u201egr\u00fcnen\u201c Landwirtschafts- und K\u00e4sereipraktiken sind ein fester Bestandteil unserer Philosophie, aber auch das Geheimnis hinter der un\u00fcbertroffenen Qualit\u00e4t unserer Produkte, die den Endverbraucher immer wie gew\u00fcnscht erreichen: Selbstverst\u00e4ndlich k\u00f6stlich.<\/p>\n<p>&nbsp;<\/p>\n<p>Das Unternehmen BIZIOS S.A. strebt als \u201eGreen Business\u201c und Pionier in der Produktion von wiederverwertbarer Energie systematisch nach einer nachhaltigen Entwicklung ohne C0\u2082-Emissionen, indem es f\u00fcr alle seine Nebenprodukte (tierische Abf\u00e4lle, Nebenprodukte, Abf\u00e4lle usw.) die besten Recyclingverfahren anwendet.<\/p>\n<p>&nbsp;<\/p>\n<p>Im Rahmen der Ma\u00dfnahmen f\u00fcr gr\u00fcnes Wachstum von BIZIOS S.A. haben wir eine anaerobe Modellkl\u00e4ranlage f\u00fcr die Abw\u00e4sser der K\u00e4sefabrik gebaut. Diese Anlage ist ein Pionier im Bereich der Milchwirtschaft, denn sie ist die erste Kl\u00e4ranlage im Land und die 20. weltweit. Im Rahmen der Umsetzung der Umweltziele von BIZIOS S.A. tr\u00e4gt die Kl\u00e4ranlage zur Entwicklung der Kreislaufwirtschaft bei, da sie durch ihren Betrieb die Boden- und Wasserverschmutzung reduziert, w\u00e4hrend sie gleichzeitig durch die Vorteile der Rentabilit\u00e4t der gr\u00fcnen Energie zur wirtschaftlichen Entwicklung beitr\u00e4gt. Insbesondere liefert das erzeugte Biogas durch seine Verbrennung in einem hocheffizienten Motor mit Kraft-W\u00e4rme-Kopplung erhebliche Mengen an W\u00e4rmeenergie f\u00fcr die Produktionseinheit und Strom f\u00fcr das Vertriebsnetz, wodurch die Voraussetzungen daf\u00fcr geschaffen werden, dass unser Werk alle Praktiken des gr\u00fcnen Wachstums und der Kreislaufwirtschaft nutzen kann.<\/p>\n<p>&nbsp;<\/p>\n<p>In diesem Sinne haben wir im Umgang mit unseren Kunden und der \u00d6ffentlichkeit Rohstoffe aus wiederverwertbaren Materialien eingesetzt. Es wurden Photovoltaikanlagen auf dem Dach installiert, die bereits 450.000 KWh pro Jahr erzeugen, sowie LED-Industrieleuchten mit hoher Energieeffizienz und geringerer W\u00e4rmeentwicklung, die weder f\u00fcr Mensch noch Umwelt sch\u00e4dlich sind. Gleichzeitig sind sie 100 % \u00f6kologisch, sicher und recycelbar. Au\u00dferdem ist unser Unternehmen der erste Industriezweig in Griechenland, der auf die Verwendung von Erdgas umgestiegen ist, und zwar durch ein Vertriebsnetz, das komprimiertes Erdgas (CNG) liefert, das umweltfreundlich ist, geringere Kohlendioxidemissionen hat und in Bezug auf die Sicherheit zuverl\u00e4ssig ist.<\/p>\n<p>&nbsp;<\/p>\n<p>Mit diesen Investitionen wollen wir Initiativen und Aktivit\u00e4ten zur F\u00f6rderung umweltfreundlicher Investitionen st\u00e4rken und gleichzeitig sicherstellen, dass alles, was wir tun, der Umwelt, unseren Kunden und der Gesellschaft als Ganzes zugute kommt. Unsere Ma\u00dfnahmen zielen darauf ab, die Umwelt zu sch\u00fctzen und damit das Leben der Menschen zu verbessern. Wir wollen ein ideales Arbeitsumfeld schaffen, in dem unsere Mitarbeiter inspiriert werden, das Beste aus sich herauszuholen. Ohne Kompromisse bei der Qualit\u00e4t einzugehen, sind wir bestrebt, die h\u00f6chsten Standards der Unternehmensverantwortung zu erreichen, indem wir langfristige und nachhaltige L\u00f6sungen f\u00fcr die Allgemeinheit anbieten.[\/vc_column_text][\/vc_column][vc_column width=&#8220;1\/2&#8243;][vc_single_image image=&#8220;2994&#8243; img_size=&#8220;full&#8220; alignment=&#8220;right&#8220;][\/vc_column][\/vc_row]<\/p>\n<\/div>","protected":false},"excerpt":{"rendered":"<p>[vc_row gap=&#8220;20&#8243;][vc_column width=&#8220;1\/2&#8243;][vc_column_text] ECO DAIRY [\/vc_column_text][vc_column_text]Der Respekt vor der Natur und die st\u00e4ndige Orientierung an \u201egr\u00fcnen\u201c Landwirtschafts- und K\u00e4sereipraktiken sind ein fester Bestandteil unserer Philosophie, aber auch das Geheimnis hinter der un\u00fcbertroffenen Qualit\u00e4t unserer Produkte, die den Endverbraucher immer wie gew\u00fcnscht erreichen: Selbstverst\u00e4ndlich k\u00f6stlich. &nbsp; Das Unternehmen BIZIOS S.A. strebt als \u201eGreen Business\u201c und Pionier [&hellip;]<\/p>\n","protected":false},"author":11,"featured_media":0,"parent":0,"menu_order":10,"comment_status":"closed","ping_status":"closed","template":"template-page-paddings.php","meta":{"_acf_changed":false,"inline_featured_image":false,"footnotes":""},"class_list":["post-3151","page","type-page","status-publish","hentry"],"acf":[],"yoast_head":"<!-- This site is optimized with the Yoast SEO plugin v27.4 - https:\/\/yoast.com\/product\/yoast-seo-wordpress\/ -->\n<title>ECO DAIRY - Bizios<\/title>\n<meta name=\"description\" content=\"Green growth and environmentally friendly actions are the main part of our philosophy and the secret to our quality products\" \/>\n<meta name=\"robots\" content=\"index, follow, max-snippet:-1, max-image-preview:large, max-video-preview:-1\" \/>\n<link rel=\"canonical\" href=\"https:\/\/bizios.gr\/de\/eco-dairy\/\" \/>\n<meta property=\"og:locale\" content=\"de_DE\" \/>\n<meta property=\"og:type\" content=\"article\" \/>\n<meta property=\"og:title\" content=\"ECO DAIRY - Bizios\" \/>\n<meta property=\"og:description\" content=\"Green growth and environmentally friendly actions are the main part of our philosophy and the secret to our quality products\" \/>\n<meta property=\"og:url\" content=\"https:\/\/bizios.gr\/de\/eco-dairy\/\" \/>\n<meta property=\"og:site_name\" content=\"Bizios\" \/>\n<meta property=\"article:publisher\" content=\"https:\/\/www.facebook.com\/Biziosdairy\/\" \/>\n<meta property=\"article:modified_time\" content=\"2023-01-16T10:10:15+00:00\" \/>\n<meta name=\"twitter:card\" content=\"summary_large_image\" \/>\n<meta name=\"twitter:label1\" content=\"Gesch\u00e4tzte Lesezeit\" \/>\n\t<meta name=\"twitter:data1\" content=\"3\u00a0Minuten\" \/>\n<script type=\"application\/ld+json\" class=\"yoast-schema-graph\">{\"@context\":\"https:\\\/\\\/schema.org\",\"@graph\":[{\"@type\":\"WebPage\",\"@id\":\"https:\\\/\\\/bizios.gr\\\/de\\\/eco-dairy\\\/\",\"url\":\"https:\\\/\\\/bizios.gr\\\/de\\\/eco-dairy\\\/\",\"name\":\"ECO DAIRY - Bizios\",\"isPartOf\":{\"@id\":\"https:\\\/\\\/bizios.gr\\\/#website\"},\"datePublished\":\"2022-04-05T09:35:55+00:00\",\"dateModified\":\"2023-01-16T10:10:15+00:00\",\"description\":\"Green growth and environmentally friendly actions are the main part of our philosophy and the secret to our quality products\",\"breadcrumb\":{\"@id\":\"https:\\\/\\\/bizios.gr\\\/de\\\/eco-dairy\\\/#breadcrumb\"},\"inLanguage\":\"de\",\"potentialAction\":[{\"@type\":\"ReadAction\",\"target\":[\"https:\\\/\\\/bizios.gr\\\/de\\\/eco-dairy\\\/\"]}]},{\"@type\":\"BreadcrumbList\",\"@id\":\"https:\\\/\\\/bizios.gr\\\/de\\\/eco-dairy\\\/#breadcrumb\",\"itemListElement\":[{\"@type\":\"ListItem\",\"position\":1,\"name\":\"\u0391\u03c1\u03c7\u03b9\u03ba\u03ae\",\"item\":\"https:\\\/\\\/bizios.gr\\\/de\\\/\"},{\"@type\":\"ListItem\",\"position\":2,\"name\":\"ECO DAIRY\"}]},{\"@type\":\"WebSite\",\"@id\":\"https:\\\/\\\/bizios.gr\\\/#website\",\"url\":\"https:\\\/\\\/bizios.gr\\\/\",\"name\":\"Bizios\",\"description\":\"\",\"publisher\":{\"@id\":\"https:\\\/\\\/bizios.gr\\\/#organization\"},\"potentialAction\":[{\"@type\":\"SearchAction\",\"target\":{\"@type\":\"EntryPoint\",\"urlTemplate\":\"https:\\\/\\\/bizios.gr\\\/?s={search_term_string}\"},\"query-input\":{\"@type\":\"PropertyValueSpecification\",\"valueRequired\":true,\"valueName\":\"search_term_string\"}}],\"inLanguage\":\"de\"},{\"@type\":\"Organization\",\"@id\":\"https:\\\/\\\/bizios.gr\\\/#organization\",\"name\":\"Bizios\",\"url\":\"https:\\\/\\\/bizios.gr\\\/\",\"logo\":{\"@type\":\"ImageObject\",\"inLanguage\":\"de\",\"@id\":\"https:\\\/\\\/bizios.gr\\\/#\\\/schema\\\/logo\\\/image\\\/\",\"url\":\"https:\\\/\\\/bizios.gr\\\/wp-content\\\/uploads\\\/2022\\\/11\\\/Capturebizios.png\",\"contentUrl\":\"https:\\\/\\\/bizios.gr\\\/wp-content\\\/uploads\\\/2022\\\/11\\\/Capturebizios.png\",\"width\":269,\"height\":141,\"caption\":\"Bizios\"},\"image\":{\"@id\":\"https:\\\/\\\/bizios.gr\\\/#\\\/schema\\\/logo\\\/image\\\/\"},\"sameAs\":[\"https:\\\/\\\/www.facebook.com\\\/Biziosdairy\\\/\",\"https:\\\/\\\/www.instagram.com\\\/biziosdairy\\\/\"]}]}<\/script>\n<!-- \/ Yoast SEO plugin. -->","yoast_head_json":{"title":"ECO DAIRY - Bizios","description":"Green growth and environmentally friendly actions are the main part of our philosophy and the secret to our quality products","robots":{"index":"index","follow":"follow","max-snippet":"max-snippet:-1","max-image-preview":"max-image-preview:large","max-video-preview":"max-video-preview:-1"},"canonical":"https:\/\/bizios.gr\/de\/eco-dairy\/","og_locale":"de_DE","og_type":"article","og_title":"ECO DAIRY - Bizios","og_description":"Green growth and environmentally friendly actions are the main part of our philosophy and the secret to our quality products","og_url":"https:\/\/bizios.gr\/de\/eco-dairy\/","og_site_name":"Bizios","article_publisher":"https:\/\/www.facebook.com\/Biziosdairy\/","article_modified_time":"2023-01-16T10:10:15+00:00","twitter_card":"summary_large_image","twitter_misc":{"Gesch\u00e4tzte Lesezeit":"3\u00a0Minuten"},"schema":{"@context":"https:\/\/schema.org","@graph":[{"@type":"WebPage","@id":"https:\/\/bizios.gr\/de\/eco-dairy\/","url":"https:\/\/bizios.gr\/de\/eco-dairy\/","name":"ECO DAIRY - Bizios","isPartOf":{"@id":"https:\/\/bizios.gr\/#website"},"datePublished":"2022-04-05T09:35:55+00:00","dateModified":"2023-01-16T10:10:15+00:00","description":"Green growth and environmentally friendly actions are the main part of our philosophy and the secret to our quality products","breadcrumb":{"@id":"https:\/\/bizios.gr\/de\/eco-dairy\/#breadcrumb"},"inLanguage":"de","potentialAction":[{"@type":"ReadAction","target":["https:\/\/bizios.gr\/de\/eco-dairy\/"]}]},{"@type":"BreadcrumbList","@id":"https:\/\/bizios.gr\/de\/eco-dairy\/#breadcrumb","itemListElement":[{"@type":"ListItem","position":1,"name":"\u0391\u03c1\u03c7\u03b9\u03ba\u03ae","item":"https:\/\/bizios.gr\/de\/"},{"@type":"ListItem","position":2,"name":"ECO DAIRY"}]},{"@type":"WebSite","@id":"https:\/\/bizios.gr\/#website","url":"https:\/\/bizios.gr\/","name":"Bizios","description":"","publisher":{"@id":"https:\/\/bizios.gr\/#organization"},"potentialAction":[{"@type":"SearchAction","target":{"@type":"EntryPoint","urlTemplate":"https:\/\/bizios.gr\/?s={search_term_string}"},"query-input":{"@type":"PropertyValueSpecification","valueRequired":true,"valueName":"search_term_string"}}],"inLanguage":"de"},{"@type":"Organization","@id":"https:\/\/bizios.gr\/#organization","name":"Bizios","url":"https:\/\/bizios.gr\/","logo":{"@type":"ImageObject","inLanguage":"de","@id":"https:\/\/bizios.gr\/#\/schema\/logo\/image\/","url":"https:\/\/bizios.gr\/wp-content\/uploads\/2022\/11\/Capturebizios.png","contentUrl":"https:\/\/bizios.gr\/wp-content\/uploads\/2022\/11\/Capturebizios.png","width":269,"height":141,"caption":"Bizios"},"image":{"@id":"https:\/\/bizios.gr\/#\/schema\/logo\/image\/"},"sameAs":["https:\/\/www.facebook.com\/Biziosdairy\/","https:\/\/www.instagram.com\/biziosdairy\/"]}]}},"_links":{"self":[{"href":"https:\/\/bizios.gr\/de\/wp-json\/wp\/v2\/pages\/3151","targetHints":{"allow":["GET"]}}],"collection":[{"href":"https:\/\/bizios.gr\/de\/wp-json\/wp\/v2\/pages"}],"about":[{"href":"https:\/\/bizios.gr\/de\/wp-json\/wp\/v2\/types\/page"}],"author":[{"embeddable":true,"href":"https:\/\/bizios.gr\/de\/wp-json\/wp\/v2\/users\/11"}],"replies":[{"embeddable":true,"href":"https:\/\/bizios.gr\/de\/wp-json\/wp\/v2\/comments?post=3151"}],"version-history":[{"count":3,"href":"https:\/\/bizios.gr\/de\/wp-json\/wp\/v2\/pages\/3151\/revisions"}],"predecessor-version":[{"id":3154,"href":"https:\/\/bizios.gr\/de\/wp-json\/wp\/v2\/pages\/3151\/revisions\/3154"}],"wp:attachment":[{"href":"https:\/\/bizios.gr\/de\/wp-json\/wp\/v2\/media?parent=3151"}],"curies":[{"name":"wp","href":"https:\/\/api.w.org\/{rel}","templated":true}]}}